{"id":868,"date":"2024-09-15T22:10:11","date_gmt":"2024-09-15T22:10:11","guid":{"rendered":"https:\/\/nataliabuffa.se\/sobre-mi\/"},"modified":"2024-10-25T20:23:33","modified_gmt":"2024-10-25T20:23:33","slug":"sobre-mi","status":"publish","type":"page","link":"https:\/\/nataliabuffa.se\/es\/sobre-mi\/","title":{"rendered":"Sobre m\u00ed"},"content":{"rendered":"\t\t<div data-elementor-type=\"wp-page\" data-elementor-id=\"868\" class=\"elementor elementor-868 elementor-773\" data-elementor-post-type=\"page\">\n\t\t\t\t<div class=\"elementor-element elementor-element-7da5448 e-flex e-con-boxed e-con e-parent\" data-id=\"7da5448\" data-element_type=\"container\" data-e-type=\"container\">\n\t\t\t\t\t<div class=\"e-con-inner\">\n\t\t<div class=\"elementor-element elementor-element-e4b2dd8 e-con-full e-flex e-con e-child\" data-id=\"e4b2dd8\" data-element_type=\"container\" data-e-type=\"container\">\n\t\t\t\t<div class=\"elementor-element elementor-element-b3e66a9 elementor-widget elementor-widget-heading\" data-id=\"b3e66a9\" data-element_type=\"widget\" data-e-type=\"widget\" data-widget_type=\"heading.default\">\n\t\t\t\t<div class=\"elementor-widget-container\">\n\t\t\t\t\t<h1 class=\"elementor-heading-title elementor-size-default\">Sobre m\u00ed<\/h1>\t\t\t\t<\/div>\n\t\t\t\t<\/div>\n\t\t\t\t<div class=\"elementor-element elementor-element-d675c90 elementor-widget__width-initial elementor-widget elementor-widget-text-editor\" data-id=\"d675c90\" data-element_type=\"widget\" data-e-type=\"widget\" data-widget_type=\"text-editor.default\">\n\t\t\t\t<div class=\"elementor-widget-container\">\n\t\t\t\t\t\t\t\t\t<p>Soy licencia en psicolog\u00eda y licenciada en psicoterapias formada en Argentina y en Suecia. Acutalmente resido en Estocolmo, donde trabajo con adultos, parejas y familias. Las terapias son en sueco y\/o espa\u00f1ol, online o presencialmente.<\/p><p>Mi experiencia laboral se basa en psiquiatria infantil y adolescente, en consultorios de atenci\u00f3n primaria para la salud y en cl\u00ednicas especializadas en trastornos alimentarios.\u00a0 Tambi\u00e9n me\u00a0 desempe\u00f1o como supervisora de profesionales de la salud y consultora psicol\u00f3gica.<\/p><p>Soy miembro de <em>la Asociaci\u00f3n Sueca de Psic\u00f3logos (Sveriges Psykologf\u00f6rbund) y de la Asociaci\u00f3n de Psic\u00f3logos Empresarios (Psykologf\u00f6retagarna)<\/em>. Me rijo por Ley de Salud y Atenci\u00f3n M\u00e9dica Sueca (H\u00e4lso- och sjukv\u00e5rdslagen).<\/p>\t\t\t\t\t\t\t\t<\/div>\n\t\t\t\t<\/div>\n\t\t<div class=\"elementor-element elementor-element-b3e02f6 e-con-full e-flex e-con e-child\" data-id=\"b3e02f6\" data-element_type=\"container\" data-e-type=\"container\">\n\t\t<a class=\"elementor-element elementor-element-1707ea2 e-con-full e-flex e-con e-child\" data-id=\"1707ea2\" data-element_type=\"container\" data-e-type=\"container\" data-settings=\"{&quot;background_background&quot;:&quot;classic&quot;}\" href=\"https:\/\/nataliabuffa.se\/es\/sobre-mi\/experiencia-laboral\/\">\n\t\t\t\t<div class=\"elementor-element elementor-element-f1eaf86 elementor-view-default elementor-widget elementor-widget-icon\" data-id=\"f1eaf86\" data-element_type=\"widget\" data-e-type=\"widget\" data-widget_type=\"icon.default\">\n\t\t\t\t<div class=\"elementor-widget-container\">\n\t\t\t\t\t\t\t<div class=\"elementor-icon-wrapper\">\n\t\t\t<div class=\"elementor-icon\">\n\t\t\t<svg xmlns=\"http:\/\/www.w3.org\/2000\/svg\" width=\"64\" height=\"64\" viewBox=\"0 0 64 64\" fill=\"none\"><path d=\"M57.2 15.3333H45.0667V11.6296C45.0635 9.07384 42.9762 7.00316 40.4 7H23.6C21.0238 7.00316 18.9365 9.07384 18.9333 11.6296V15.3333H6.8C5.25371 15.3333 4 16.5771 4 18.1111V38.722C4.00592 39.8966 4.75195 40.9414 5.86667 41.3361V54.2222C5.86667 55.7562 7.12038 57 8.66667 57H55.3333C56.8796 57 58.1333 55.7562 58.1333 54.2222V41.337C59.248 40.9419 59.9945 39.8966 60 38.722V18.1111C60 16.5771 58.7463 15.3333 57.2 15.3333ZM20.8 11.6296C20.8 10.0956 22.0537 8.85185 23.6 8.85185H40.4C41.9463 8.85185 43.2 10.0956 43.2 11.6296V15.3333H41.3333V11.6296C41.3333 11.1183 40.9154 10.7037 40.4 10.7037H23.6C23.0846 10.7037 22.6667 11.1183 22.6667 11.6296V15.3333H20.8V11.6296ZM39.4667 15.3333H24.5333V12.5556H39.4667V15.3333ZM56.2667 54.2222C56.2667 54.7336 55.8488 55.1481 55.3333 55.1481H8.66667C8.15124 55.1481 7.73333 54.7336 7.73333 54.2222V41.6544L28.2667 44.4638V46.8148C28.2667 48.3488 29.5204 49.5926 31.0667 49.5926H32.9333C34.4796 49.5926 35.7333 48.3488 35.7333 46.8148V44.4638L56.2667 41.6544V54.2222ZM33.8667 46.8148C33.8667 47.3262 33.4488 47.7407 32.9333 47.7407H31.0667C30.5512 47.7407 30.1333 47.3262 30.1333 46.8148V41.2593C30.1333 40.7479 30.5512 40.3333 31.0667 40.3333H32.9333C33.4488 40.3333 33.8667 40.7479 33.8667 41.2593V46.8148ZM58.1333 38.722C58.1338 39.1836 57.7915 39.5751 57.3308 39.6398L57.0719 39.6751L35.7333 42.5943V41.2593C35.7333 39.7252 34.4796 38.4815 32.9333 38.4815H31.0667C29.5204 38.4815 28.2667 39.7252 28.2667 41.2593V42.5943L6.67012 39.6398C6.20937 39.5756 5.86621 39.1841 5.86667 38.722V18.1111C5.86667 17.5998 6.28457 17.1852 6.8 17.1852H57.2C57.7154 17.1852 58.1333 17.5998 58.1333 18.1111V38.722Z\" fill=\"#A3795E\"><\/path><\/svg>\t\t\t<\/div>\n\t\t<\/div>\n\t\t\t\t\t\t<\/div>\n\t\t\t\t<\/div>\n\t\t\t\t<\/a>\n\t\t\t\t<div class=\"elementor-element elementor-element-6f0ef82 elementor-widget elementor-widget-heading\" data-id=\"6f0ef82\" data-element_type=\"widget\" data-e-type=\"widget\" data-widget_type=\"heading.default\">\n\t\t\t\t<div class=\"elementor-widget-container\">\n\t\t\t\t\t<h3 class=\"elementor-heading-title elementor-size-default\"><a href=\"https:\/\/nataliabuffa.se\/es\/sobre-mi\/experiencia-laboral\/\">Experiencia laboral<\/a><\/h3>\t\t\t\t<\/div>\n\t\t\t\t<\/div>\n\t\t\t\t<\/div>\n\t\t<div class=\"elementor-element elementor-element-d228f4c e-con-full e-flex e-con e-child\" data-id=\"d228f4c\" data-element_type=\"container\" data-e-type=\"container\">\n\t\t<a class=\"elementor-element elementor-element-bcd38a3 e-con-full e-flex e-con e-child\" data-id=\"bcd38a3\" data-element_type=\"container\" data-e-type=\"container\" data-settings=\"{&quot;background_background&quot;:&quot;classic&quot;}\" href=\"https:\/\/nataliabuffa.se\/es\/sobre-mi\/formacion\/\">\n\t\t\t\t<div class=\"elementor-element elementor-element-136c86f elementor-view-default elementor-widget elementor-widget-icon\" data-id=\"136c86f\" data-element_type=\"widget\" data-e-type=\"widget\" data-widget_type=\"icon.default\">\n\t\t\t\t<div class=\"elementor-widget-container\">\n\t\t\t\t\t\t\t<div class=\"elementor-icon-wrapper\">\n\t\t\t<div class=\"elementor-icon\">\n\t\t\t<svg xmlns=\"http:\/\/www.w3.org\/2000\/svg\" width=\"52\" height=\"52\" viewBox=\"0 0 52 52\" fill=\"none\"><path d=\"M48.5956 40.8282C48.3112 39.6582 47.2144 38.8944 46.0525 38.9757L43.8181 33.0282C43.7369 32.8169 43.5744 32.6463 43.3713 32.5651C43.1681 32.4757 42.9325 32.4838 42.7294 32.5732L26.5362 39.8613C26.3575 39.8369 26.1787 39.8126 26 39.8126C25.8212 39.8126 25.6425 39.8369 25.4637 39.8613L9.27062 32.5732C9.0675 32.4838 8.83187 32.4757 8.62875 32.5651C8.4175 32.6544 8.255 32.8169 8.18187 33.0282L5.95562 38.9676C5.47625 38.9432 5.005 39.0569 4.5825 39.3169C4.02187 39.6582 3.63187 40.1944 3.4775 40.8282C3.32312 41.4619 3.42875 42.1119 3.76187 42.6726C4.10312 43.2251 4.63937 43.6232 5.265 43.7694L25.4231 48.6607C25.61 48.7094 25.805 48.7257 26 48.7257C26.195 48.7257 26.3819 48.7013 26.5769 48.6607L46.8081 43.7694C47.4419 43.6151 47.9781 43.2251 48.3112 42.6726C48.6525 42.1119 48.75 41.4619 48.5956 40.8282ZM42.6075 34.4094L43.1844 35.9532L37.0906 38.2363C36.6681 38.3907 36.4569 38.8619 36.6113 39.2844C36.7331 39.6094 37.05 39.8126 37.375 39.8126C37.4725 39.8126 37.57 39.7963 37.6594 39.7638L43.7531 37.4807L44.4437 39.3332L30.4525 42.7132C30.0787 41.8682 29.4694 41.1694 28.7137 40.6657L42.6075 34.4094ZM26 43.7857L23.1725 43.1032C23.7331 42.0957 24.7975 41.4457 26 41.4457C27.2025 41.4457 28.2669 42.1038 28.8275 43.1113L26 43.7857ZM9.3925 34.4094L23.2781 40.6576C22.5306 41.1613 21.9212 41.8601 21.5475 42.7051L7.55625 39.3088L8.24687 37.4726L14.3406 39.7557C14.43 39.7963 14.5275 39.8126 14.625 39.8126C14.95 39.8126 15.2669 39.6094 15.3887 39.2844C15.5431 38.8619 15.3319 38.3988 14.9094 38.2363L8.81562 35.9532L9.3925 34.4094ZM5.14312 41.8276C5.02937 41.6407 4.99687 41.4213 5.04562 41.2101C5.09437 40.9988 5.2325 40.8119 5.41937 40.7063C5.54125 40.6251 5.6875 40.5844 5.82562 40.5844C5.89062 40.5844 5.95562 40.5926 6.02875 40.6088L21.84 44.4438C21.8481 44.4438 21.8562 44.4519 21.8644 44.4519H21.8969L22.2137 44.5251L22.3763 46.2394L5.64687 42.1932C5.43562 42.1363 5.25687 42.0063 5.14312 41.8276ZM26.195 47.0844C26.065 47.1169 25.935 47.1169 25.8131 47.0844L24.05 46.6538L23.8875 44.9394L25.8131 45.4107C25.9431 45.4432 26.0731 45.4432 26.195 45.4107L28.1206 44.9476L27.9581 46.6619L26.195 47.0844ZM46.9219 41.8276C46.8081 42.0144 46.6294 42.1444 46.4181 42.1932L29.6237 46.2557L29.7862 44.5413L30.1112 44.4601H30.1275C30.1275 44.4601 30.1356 44.4601 30.1356 44.4519L46.0281 40.6088C46.4669 40.5032 46.9056 40.7713 47.0112 41.2101C47.0681 41.4213 47.0356 41.6407 46.9219 41.8276Z\" fill=\"#A3795E\"><\/path><path d=\"M19.5 23.9444V25.1875V30.0625C19.5 31.1431 20.2069 32.045 21.1819 32.37C21.5069 34.7344 23.5463 36.5625 26 36.5625C28.4537 36.5625 30.4931 34.7344 30.8181 32.37C31.7931 32.045 32.5 31.1431 32.5 30.0625V25.1875V23.9444C36.0181 21.4906 37.8462 17.3631 37.2694 13.0731C36.595 7.99498 32.4025 3.89186 27.3081 3.32311C24.0744 2.95748 20.8325 3.98936 18.4194 6.14248C16.0063 8.30373 14.625 11.3912 14.625 14.625C14.625 18.3625 16.4369 21.8156 19.5 23.9444ZM30.875 26V27.625H21.125V26H30.875ZM26 34.9375C24.4888 34.9375 23.2294 33.8975 22.8637 32.5H29.1363C28.7706 33.8975 27.5112 34.9375 26 34.9375ZM30.0625 30.875H21.9375C21.4906 30.875 21.125 30.5094 21.125 30.0625V29.25H30.875V30.0625C30.875 30.5094 30.5094 30.875 30.0625 30.875ZM19.5 7.35311C21.3119 5.73623 23.5787 4.87498 25.9837 4.87498C26.3575 4.87498 26.7394 4.89936 27.1213 4.93998C31.4844 5.42748 35.0756 8.93748 35.6525 13.2925C36.1644 17.1031 34.4663 20.7594 31.2406 22.8312C31.0131 22.9775 30.875 23.2375 30.875 23.5137V24.375H26.8125V15.4375H29.25C29.6969 15.4375 30.0625 15.0719 30.0625 14.625C30.0625 14.1781 29.6969 13.8125 29.25 13.8125H22.75C22.3031 13.8125 21.9375 14.1781 21.9375 14.625C21.9375 15.0719 22.3031 15.4375 22.75 15.4375H25.1875V24.375H21.125V23.5137C21.125 23.2375 20.9869 22.9775 20.7513 22.8312C17.9319 21.0194 16.25 17.9562 16.25 14.625C16.25 11.8544 17.4362 9.20561 19.5 7.35311Z\" fill=\"#A3795E\"><\/path><path d=\"M41.4375 15.4375H44.6875C45.1344 15.4375 45.5 15.0719 45.5 14.625C45.5 14.1781 45.1344 13.8125 44.6875 13.8125H41.4375C40.9906 13.8125 40.625 14.1781 40.625 14.625C40.625 15.0719 40.9906 15.4375 41.4375 15.4375Z\" fill=\"#A3795E\"><\/path><path d=\"M41.4375 10.5625C41.5594 10.5625 41.6813 10.5381 41.8031 10.4731L45.0531 8.84809C45.4513 8.64496 45.6138 8.15746 45.4188 7.75934C45.2156 7.36121 44.7281 7.19871 44.33 7.39371L41.08 9.01871C40.6819 9.22184 40.5194 9.70934 40.7144 10.1075C40.8525 10.4 41.1369 10.5625 41.4375 10.5625Z\" fill=\"#A3795E\"><\/path><path d=\"M41.8031 18.7769C41.3969 18.5738 40.9094 18.7363 40.7144 19.1425C40.5112 19.5407 40.6737 20.0282 41.08 20.2313L44.33 21.8563C44.4437 21.9132 44.5656 21.9375 44.6875 21.9375C44.9881 21.9375 45.2725 21.775 45.4187 21.4907C45.6219 21.0925 45.4594 20.605 45.0531 20.4019L41.8031 18.7769Z\" fill=\"#A3795E\"><\/path><path d=\"M7.3125 15.4375H10.5625C11.0094 15.4375 11.375 15.0719 11.375 14.625C11.375 14.1781 11.0094 13.8125 10.5625 13.8125H7.3125C6.86562 13.8125 6.5 14.1781 6.5 14.625C6.5 15.0719 6.86562 15.4375 7.3125 15.4375Z\" fill=\"#A3795E\"><\/path><path d=\"M6.94687 8.84811L10.1969 10.4731C10.3187 10.5381 10.4406 10.5625 10.5625 10.5625C10.8631 10.5625 11.1475 10.4 11.2937 10.1156C11.4969 9.71749 11.3344 9.22999 10.9281 9.02686L7.67812 7.40186C7.27187 7.19874 6.78437 7.36124 6.58937 7.75936C6.38625 8.16561 6.54875 8.65311 6.94687 8.84811Z\" fill=\"#A3795E\"><\/path><path d=\"M10.1969 18.7769L6.94687 20.4019C6.54875 20.605 6.38625 21.0925 6.58125 21.4906C6.7275 21.775 7.01187 21.9375 7.3125 21.9375C7.43437 21.9375 7.55625 21.9131 7.67812 21.8481L10.9281 20.2231C11.3262 20.02 11.4887 19.5325 11.2937 19.1344C11.0906 18.7362 10.6031 18.5737 10.1969 18.7769Z\" fill=\"#A3795E\"><\/path><\/svg>\t\t\t<\/div>\n\t\t<\/div>\n\t\t\t\t\t\t<\/div>\n\t\t\t\t<\/div>\n\t\t\t\t<\/a>\n\t\t\t\t<div class=\"elementor-element elementor-element-ddb198e elementor-widget elementor-widget-heading\" data-id=\"ddb198e\" data-element_type=\"widget\" data-e-type=\"widget\" data-widget_type=\"heading.default\">\n\t\t\t\t<div class=\"elementor-widget-container\">\n\t\t\t\t\t<h3 class=\"elementor-heading-title elementor-size-default\"><a href=\"https:\/\/nataliabuffa.se\/es\/sobre-mi\/formacion\/\">Formaci\u00f3n<\/a><\/h3>\t\t\t\t<\/div>\n\t\t\t\t<\/div>\n\t\t\t\t<\/div>\n\t\t\t\t<\/div>\n\t\t<div class=\"elementor-element elementor-element-3d04cca e-con-full e-flex e-con e-child\" data-id=\"3d04cca\" data-element_type=\"container\" data-e-type=\"container\">\n\t\t\t\t<div class=\"elementor-element elementor-element-80d0200 natalia-image elementor-widget elementor-widget-image\" data-id=\"80d0200\" data-element_type=\"widget\" data-e-type=\"widget\" data-widget_type=\"image.default\">\n\t\t\t\t<div class=\"elementor-widget-container\">\n\t\t\t\t\t\t\t\t\t\t\t\t\t\t\t<img fetchpriority=\"high\" decoding=\"async\" width=\"1707\" height=\"2560\" src=\"https:\/\/nataliabuffa.se\/wp-content\/uploads\/2024\/10\/DSC6769-scaled.jpg\" class=\"attachment-full size-full wp-image-1021\" alt=\"\" srcset=\"https:\/\/nataliabuffa.se\/wp-content\/uploads\/2024\/10\/DSC6769-scaled.jpg 1707w, https:\/\/nataliabuffa.se\/wp-content\/uploads\/2024\/10\/DSC6769-200x300.jpg 200w, https:\/\/nataliabuffa.se\/wp-content\/uploads\/2024\/10\/DSC6769-683x1024.jpg 683w, https:\/\/nataliabuffa.se\/wp-content\/uploads\/2024\/10\/DSC6769-768x1152.jpg 768w, https:\/\/nataliabuffa.se\/wp-content\/uploads\/2024\/10\/DSC6769-1024x1536.jpg 1024w, https:\/\/nataliabuffa.se\/wp-content\/uploads\/2024\/10\/DSC6769-1365x2048.jpg 1365w\" sizes=\"(max-width: 1707px) 100vw, 1707px\" \/>\t\t\t\t\t\t\t\t\t\t\t\t\t\t\t<\/div>\n\t\t\t\t<\/div>\n\t\t<div class=\"elementor-element elementor-element-259b733 e-con-full e-flex e-con e-child\" data-id=\"259b733\" data-element_type=\"container\" data-e-type=\"container\" data-settings=\"{&quot;background_background&quot;:&quot;classic&quot;}\">\n\t\t\t\t<div class=\"elementor-element elementor-element-c1daa0c elementor-widget elementor-widget-heading\" data-id=\"c1daa0c\" data-element_type=\"widget\" data-e-type=\"widget\" data-widget_type=\"heading.default\">\n\t\t\t\t<div class=\"elementor-widget-container\">\n\t\t\t\t\t<h4 class=\"elementor-heading-title elementor-size-default\">Natalia Buffa<\/h4>\t\t\t\t<\/div>\n\t\t\t\t<\/div>\n\t\t\t\t<div class=\"elementor-element elementor-element-3c072fb elementor-widget elementor-widget-heading\" data-id=\"3c072fb\" data-element_type=\"widget\" data-e-type=\"widget\" data-widget_type=\"heading.default\">\n\t\t\t\t<div class=\"elementor-widget-container\">\n\t\t\t\t\t<span class=\"elementor-heading-title elementor-size-default\">Psic\u00f3loga \/ Psicoterapeuta <\/span>\t\t\t\t<\/div>\n\t\t\t\t<\/div>\n\t\t\t\t<\/div>\n\t\t\t\t<\/div>\n\t\t\t\t\t<\/div>\n\t\t\t\t<\/div>\n\t\t\t\t<\/div>\n\t\t","protected":false},"excerpt":{"rendered":"<p>Sobre m\u00ed Soy licencia en psicolog\u00eda y licenciada en psicoterapias formada en Argentina y en Suecia. Acutalmente resido en Estocolmo, donde trabajo con adultos, parejas y familias. Las terapias son en sueco y\/o espa\u00f1ol, online o presencialmente. Mi experiencia laboral se basa en psiquiatria infantil y adolescente, en consultorios de atenci\u00f3n primaria para la salud [&hellip;]<\/p>\n","protected":false},"author":1,"featured_media":0,"parent":0,"menu_order":0,"comment_status":"closed","ping_status":"closed","template":"","meta":{"footnotes":""},"class_list":["post-868","page","type-page","status-publish","hentry"],"yoast_head":"<!-- This site is optimized with the Yoast SEO plugin v27.5 - https:\/\/yoast.com\/product\/yoast-seo-wordpress\/ -->\n<title>Sobre m\u00ed - Natalia Buffa<\/title>\n<meta name=\"robots\" content=\"index, follow, max-snippet:-1, max-image-preview:large, max-video-preview:-1\" \/>\n<link rel=\"canonical\" href=\"https:\/\/nataliabuffa.se\/es\/sobre-mi\/\" \/>\n<meta property=\"og:locale\" content=\"es_ES\" \/>\n<meta property=\"og:type\" content=\"article\" \/>\n<meta property=\"og:title\" content=\"Sobre m\u00ed - Natalia Buffa\" \/>\n<meta property=\"og:description\" content=\"Sobre m\u00ed Soy licencia en psicolog\u00eda y licenciada en psicoterapias formada en Argentina y en Suecia. Acutalmente resido en Estocolmo, donde trabajo con adultos, parejas y familias. Las terapias son en sueco y\/o espa\u00f1ol, online o presencialmente. Mi experiencia laboral se basa en psiquiatria infantil y adolescente, en consultorios de atenci\u00f3n primaria para la salud [&hellip;]\" \/>\n<meta property=\"og:url\" content=\"https:\/\/nataliabuffa.se\/es\/sobre-mi\/\" \/>\n<meta property=\"og:site_name\" content=\"Natalia Buffa\" \/>\n<meta property=\"article:modified_time\" content=\"2024-10-25T20:23:33+00:00\" \/>\n<meta property=\"og:image\" content=\"https:\/\/nataliabuffa.se\/wp-content\/uploads\/2024\/10\/DSC6769-scaled.jpg\" \/>\n\t<meta property=\"og:image:width\" content=\"1707\" \/>\n\t<meta property=\"og:image:height\" content=\"2560\" \/>\n\t<meta property=\"og:image:type\" content=\"image\/jpeg\" \/>\n<meta name=\"twitter:card\" content=\"summary_large_image\" \/>\n<meta name=\"twitter:label1\" content=\"Tiempo de lectura\" \/>\n\t<meta name=\"twitter:data1\" content=\"1 minuto\" \/>\n<script type=\"application\/ld+json\" class=\"yoast-schema-graph\">{\"@context\":\"https:\\\/\\\/schema.org\",\"@graph\":[{\"@type\":\"WebPage\",\"@id\":\"https:\\\/\\\/nataliabuffa.se\\\/es\\\/sobre-mi\\\/\",\"url\":\"https:\\\/\\\/nataliabuffa.se\\\/es\\\/sobre-mi\\\/\",\"name\":\"Sobre m\u00ed - Natalia Buffa\",\"isPartOf\":{\"@id\":\"https:\\\/\\\/nataliabuffa.se\\\/es\\\/#website\"},\"primaryImageOfPage\":{\"@id\":\"https:\\\/\\\/nataliabuffa.se\\\/es\\\/sobre-mi\\\/#primaryimage\"},\"image\":{\"@id\":\"https:\\\/\\\/nataliabuffa.se\\\/es\\\/sobre-mi\\\/#primaryimage\"},\"thumbnailUrl\":\"https:\\\/\\\/nataliabuffa.se\\\/wp-content\\\/uploads\\\/2024\\\/10\\\/DSC6769-scaled.jpg\",\"datePublished\":\"2024-09-15T22:10:11+00:00\",\"dateModified\":\"2024-10-25T20:23:33+00:00\",\"breadcrumb\":{\"@id\":\"https:\\\/\\\/nataliabuffa.se\\\/es\\\/sobre-mi\\\/#breadcrumb\"},\"inLanguage\":\"es\",\"potentialAction\":[{\"@type\":\"ReadAction\",\"target\":[\"https:\\\/\\\/nataliabuffa.se\\\/es\\\/sobre-mi\\\/\"]}]},{\"@type\":\"ImageObject\",\"inLanguage\":\"es\",\"@id\":\"https:\\\/\\\/nataliabuffa.se\\\/es\\\/sobre-mi\\\/#primaryimage\",\"url\":\"https:\\\/\\\/nataliabuffa.se\\\/wp-content\\\/uploads\\\/2024\\\/10\\\/DSC6769-scaled.jpg\",\"contentUrl\":\"https:\\\/\\\/nataliabuffa.se\\\/wp-content\\\/uploads\\\/2024\\\/10\\\/DSC6769-scaled.jpg\"},{\"@type\":\"BreadcrumbList\",\"@id\":\"https:\\\/\\\/nataliabuffa.se\\\/es\\\/sobre-mi\\\/#breadcrumb\",\"itemListElement\":[{\"@type\":\"ListItem\",\"position\":1,\"name\":\"Home\",\"item\":\"https:\\\/\\\/nataliabuffa.se\\\/es\\\/\"},{\"@type\":\"ListItem\",\"position\":2,\"name\":\"Sobre m\u00ed\"}]},{\"@type\":\"WebSite\",\"@id\":\"https:\\\/\\\/nataliabuffa.se\\\/es\\\/#website\",\"url\":\"https:\\\/\\\/nataliabuffa.se\\\/es\\\/\",\"name\":\"Natalia Buffa\",\"description\":\"Natalia Buffa\",\"publisher\":{\"@id\":\"https:\\\/\\\/nataliabuffa.se\\\/es\\\/#organization\"},\"potentialAction\":[{\"@type\":\"SearchAction\",\"target\":{\"@type\":\"EntryPoint\",\"urlTemplate\":\"https:\\\/\\\/nataliabuffa.se\\\/es\\\/?s={search_term_string}\"},\"query-input\":{\"@type\":\"PropertyValueSpecification\",\"valueRequired\":true,\"valueName\":\"search_term_string\"}}],\"inLanguage\":\"es\"},{\"@type\":\"Organization\",\"@id\":\"https:\\\/\\\/nataliabuffa.se\\\/es\\\/#organization\",\"name\":\"Natalia Buffa\",\"url\":\"https:\\\/\\\/nataliabuffa.se\\\/es\\\/\",\"logo\":{\"@type\":\"ImageObject\",\"inLanguage\":\"es\",\"@id\":\"https:\\\/\\\/nataliabuffa.se\\\/es\\\/#\\\/schema\\\/logo\\\/image\\\/\",\"url\":\"https:\\\/\\\/nataliabuffa.se\\\/wp-content\\\/uploads\\\/2024\\\/01\\\/Natalia-logo.jpg\",\"contentUrl\":\"https:\\\/\\\/nataliabuffa.se\\\/wp-content\\\/uploads\\\/2024\\\/01\\\/Natalia-logo.jpg\",\"width\":1312,\"height\":216,\"caption\":\"Natalia Buffa\"},\"image\":{\"@id\":\"https:\\\/\\\/nataliabuffa.se\\\/es\\\/#\\\/schema\\\/logo\\\/image\\\/\"}}]}<\/script>\n<!-- \/ Yoast SEO plugin. -->","yoast_head_json":{"title":"Sobre m\u00ed - Natalia Buffa","robots":{"index":"index","follow":"follow","max-snippet":"max-snippet:-1","max-image-preview":"max-image-preview:large","max-video-preview":"max-video-preview:-1"},"canonical":"https:\/\/nataliabuffa.se\/es\/sobre-mi\/","og_locale":"es_ES","og_type":"article","og_title":"Sobre m\u00ed - Natalia Buffa","og_description":"Sobre m\u00ed Soy licencia en psicolog\u00eda y licenciada en psicoterapias formada en Argentina y en Suecia. Acutalmente resido en Estocolmo, donde trabajo con adultos, parejas y familias. Las terapias son en sueco y\/o espa\u00f1ol, online o presencialmente. Mi experiencia laboral se basa en psiquiatria infantil y adolescente, en consultorios de atenci\u00f3n primaria para la salud [&hellip;]","og_url":"https:\/\/nataliabuffa.se\/es\/sobre-mi\/","og_site_name":"Natalia Buffa","article_modified_time":"2024-10-25T20:23:33+00:00","og_image":[{"width":1707,"height":2560,"url":"https:\/\/nataliabuffa.se\/wp-content\/uploads\/2024\/10\/DSC6769-scaled.jpg","type":"image\/jpeg"}],"twitter_card":"summary_large_image","twitter_misc":{"Tiempo de lectura":"1 minuto"},"schema":{"@context":"https:\/\/schema.org","@graph":[{"@type":"WebPage","@id":"https:\/\/nataliabuffa.se\/es\/sobre-mi\/","url":"https:\/\/nataliabuffa.se\/es\/sobre-mi\/","name":"Sobre m\u00ed - Natalia Buffa","isPartOf":{"@id":"https:\/\/nataliabuffa.se\/es\/#website"},"primaryImageOfPage":{"@id":"https:\/\/nataliabuffa.se\/es\/sobre-mi\/#primaryimage"},"image":{"@id":"https:\/\/nataliabuffa.se\/es\/sobre-mi\/#primaryimage"},"thumbnailUrl":"https:\/\/nataliabuffa.se\/wp-content\/uploads\/2024\/10\/DSC6769-scaled.jpg","datePublished":"2024-09-15T22:10:11+00:00","dateModified":"2024-10-25T20:23:33+00:00","breadcrumb":{"@id":"https:\/\/nataliabuffa.se\/es\/sobre-mi\/#breadcrumb"},"inLanguage":"es","potentialAction":[{"@type":"ReadAction","target":["https:\/\/nataliabuffa.se\/es\/sobre-mi\/"]}]},{"@type":"ImageObject","inLanguage":"es","@id":"https:\/\/nataliabuffa.se\/es\/sobre-mi\/#primaryimage","url":"https:\/\/nataliabuffa.se\/wp-content\/uploads\/2024\/10\/DSC6769-scaled.jpg","contentUrl":"https:\/\/nataliabuffa.se\/wp-content\/uploads\/2024\/10\/DSC6769-scaled.jpg"},{"@type":"BreadcrumbList","@id":"https:\/\/nataliabuffa.se\/es\/sobre-mi\/#breadcrumb","itemListElement":[{"@type":"ListItem","position":1,"name":"Home","item":"https:\/\/nataliabuffa.se\/es\/"},{"@type":"ListItem","position":2,"name":"Sobre m\u00ed"}]},{"@type":"WebSite","@id":"https:\/\/nataliabuffa.se\/es\/#website","url":"https:\/\/nataliabuffa.se\/es\/","name":"Natalia Buffa","description":"Natalia Buffa","publisher":{"@id":"https:\/\/nataliabuffa.se\/es\/#organization"},"potentialAction":[{"@type":"SearchAction","target":{"@type":"EntryPoint","urlTemplate":"https:\/\/nataliabuffa.se\/es\/?s={search_term_string}"},"query-input":{"@type":"PropertyValueSpecification","valueRequired":true,"valueName":"search_term_string"}}],"inLanguage":"es"},{"@type":"Organization","@id":"https:\/\/nataliabuffa.se\/es\/#organization","name":"Natalia Buffa","url":"https:\/\/nataliabuffa.se\/es\/","logo":{"@type":"ImageObject","inLanguage":"es","@id":"https:\/\/nataliabuffa.se\/es\/#\/schema\/logo\/image\/","url":"https:\/\/nataliabuffa.se\/wp-content\/uploads\/2024\/01\/Natalia-logo.jpg","contentUrl":"https:\/\/nataliabuffa.se\/wp-content\/uploads\/2024\/01\/Natalia-logo.jpg","width":1312,"height":216,"caption":"Natalia Buffa"},"image":{"@id":"https:\/\/nataliabuffa.se\/es\/#\/schema\/logo\/image\/"}}]}},"_links":{"self":[{"href":"https:\/\/nataliabuffa.se\/es\/wp-json\/wp\/v2\/pages\/868","targetHints":{"allow":["GET"]}}],"collection":[{"href":"https:\/\/nataliabuffa.se\/es\/wp-json\/wp\/v2\/pages"}],"about":[{"href":"https:\/\/nataliabuffa.se\/es\/wp-json\/wp\/v2\/types\/page"}],"author":[{"embeddable":true,"href":"https:\/\/nataliabuffa.se\/es\/wp-json\/wp\/v2\/users\/1"}],"replies":[{"embeddable":true,"href":"https:\/\/nataliabuffa.se\/es\/wp-json\/wp\/v2\/comments?post=868"}],"version-history":[{"count":8,"href":"https:\/\/nataliabuffa.se\/es\/wp-json\/wp\/v2\/pages\/868\/revisions"}],"predecessor-version":[{"id":1219,"href":"https:\/\/nataliabuffa.se\/es\/wp-json\/wp\/v2\/pages\/868\/revisions\/1219"}],"wp:attachment":[{"href":"https:\/\/nataliabuffa.se\/es\/wp-json\/wp\/v2\/media?parent=868"}],"curies":[{"name":"wp","href":"https:\/\/api.w.org\/{rel}","templated":true}]}}