{"id":872,"date":"2024-09-15T22:16:33","date_gmt":"2024-09-15T22:16:33","guid":{"rendered":"https:\/\/nataliabuffa.se\/sobre-mi\/experiencia-laboral\/"},"modified":"2024-09-15T23:06:10","modified_gmt":"2024-09-15T23:06:10","slug":"experiencia-laboral","status":"publish","type":"page","link":"https:\/\/nataliabuffa.se\/es\/sobre-mi\/experiencia-laboral\/","title":{"rendered":"Experiencia laboral"},"content":{"rendered":"\t\t<div data-elementor-type=\"wp-page\" data-elementor-id=\"872\" class=\"elementor elementor-872 elementor-778\" data-elementor-post-type=\"page\">\n\t\t\t\t<div class=\"elementor-element elementor-element-d0f6e84 e-flex e-con-boxed e-con e-parent\" data-id=\"d0f6e84\" data-element_type=\"container\" data-e-type=\"container\">\n\t\t\t\t\t<div class=\"e-con-inner\">\n\t\t<div class=\"elementor-element elementor-element-c4fed20 e-con-full e-flex e-con e-child\" data-id=\"c4fed20\" data-element_type=\"container\" data-e-type=\"container\">\n\t\t<div class=\"elementor-element elementor-element-a8fe5d7 e-con-full e-flex e-con e-child\" data-id=\"a8fe5d7\" data-element_type=\"container\" data-e-type=\"container\" data-settings=\"{&quot;background_background&quot;:&quot;classic&quot;}\">\n\t\t\t\t<div class=\"elementor-element elementor-element-ee49350 elementor-widget elementor-widget-heading\" data-id=\"ee49350\" data-element_type=\"widget\" data-e-type=\"widget\" data-widget_type=\"heading.default\">\n\t\t\t\t<div class=\"elementor-widget-container\">\n\t\t\t\t\t<h2 class=\"elementor-heading-title elementor-size-default\">Experiencia laboral<\/h2>\t\t\t\t<\/div>\n\t\t\t\t<\/div>\n\t\t\t\t<\/div>\n\t\t\t\t<\/div>\n\t\t<div class=\"elementor-element elementor-element-3493808 e-con-full e-flex e-con e-child\" data-id=\"3493808\" data-element_type=\"container\" data-e-type=\"container\">\n\t\t<div class=\"elementor-element elementor-element-3190a11 e-con-full e-flex e-con e-child\" data-id=\"3190a11\" data-element_type=\"container\" data-e-type=\"container\" data-settings=\"{&quot;background_background&quot;:&quot;classic&quot;}\">\n\t\t\t\t<div class=\"elementor-element elementor-element-d3f5c9a elementor-view-default elementor-widget elementor-widget-icon\" data-id=\"d3f5c9a\" data-element_type=\"widget\" data-e-type=\"widget\" data-widget_type=\"icon.default\">\n\t\t\t\t<div class=\"elementor-widget-container\">\n\t\t\t\t\t\t\t<div class=\"elementor-icon-wrapper\">\n\t\t\t<div class=\"elementor-icon\">\n\t\t\t<svg xmlns=\"http:\/\/www.w3.org\/2000\/svg\" width=\"64\" height=\"64\" viewBox=\"0 0 64 64\" fill=\"none\"><path d=\"M57.2 15.3333H45.0667V11.6296C45.0635 9.07384 42.9762 7.00316 40.4 7H23.6C21.0238 7.00316 18.9365 9.07384 18.9333 11.6296V15.3333H6.8C5.25371 15.3333 4 16.5771 4 18.1111V38.722C4.00592 39.8966 4.75195 40.9414 5.86667 41.3361V54.2222C5.86667 55.7562 7.12038 57 8.66667 57H55.3333C56.8796 57 58.1333 55.7562 58.1333 54.2222V41.337C59.248 40.9419 59.9945 39.8966 60 38.722V18.1111C60 16.5771 58.7463 15.3333 57.2 15.3333ZM20.8 11.6296C20.8 10.0956 22.0537 8.85185 23.6 8.85185H40.4C41.9463 8.85185 43.2 10.0956 43.2 11.6296V15.3333H41.3333V11.6296C41.3333 11.1183 40.9154 10.7037 40.4 10.7037H23.6C23.0846 10.7037 22.6667 11.1183 22.6667 11.6296V15.3333H20.8V11.6296ZM39.4667 15.3333H24.5333V12.5556H39.4667V15.3333ZM56.2667 54.2222C56.2667 54.7336 55.8488 55.1481 55.3333 55.1481H8.66667C8.15124 55.1481 7.73333 54.7336 7.73333 54.2222V41.6544L28.2667 44.4638V46.8148C28.2667 48.3488 29.5204 49.5926 31.0667 49.5926H32.9333C34.4796 49.5926 35.7333 48.3488 35.7333 46.8148V44.4638L56.2667 41.6544V54.2222ZM33.8667 46.8148C33.8667 47.3262 33.4488 47.7407 32.9333 47.7407H31.0667C30.5512 47.7407 30.1333 47.3262 30.1333 46.8148V41.2593C30.1333 40.7479 30.5512 40.3333 31.0667 40.3333H32.9333C33.4488 40.3333 33.8667 40.7479 33.8667 41.2593V46.8148ZM58.1333 38.722C58.1338 39.1836 57.7915 39.5751 57.3308 39.6398L57.0719 39.6751L35.7333 42.5943V41.2593C35.7333 39.7252 34.4796 38.4815 32.9333 38.4815H31.0667C29.5204 38.4815 28.2667 39.7252 28.2667 41.2593V42.5943L6.67012 39.6398C6.20937 39.5756 5.86621 39.1841 5.86667 38.722V18.1111C5.86667 17.5998 6.28457 17.1852 6.8 17.1852H57.2C57.7154 17.1852 58.1333 17.5998 58.1333 18.1111V38.722Z\" fill=\"#A3795E\"><\/path><\/svg>\t\t\t<\/div>\n\t\t<\/div>\n\t\t\t\t\t\t<\/div>\n\t\t\t\t<\/div>\n\t\t\t\t<\/div>\n\t\t\t\t<div class=\"elementor-element elementor-element-c677be9 om-mig-list elementor-widget elementor-widget-text-editor\" data-id=\"c677be9\" data-element_type=\"widget\" data-e-type=\"widget\" data-widget_type=\"text-editor.default\">\n\t\t\t\t<div class=\"elementor-widget-container\">\n\t\t\t\t\t\t\t\t\t<ul>\n \t<li><span style=\"color: var(--e-global-color-primary);\">2021-presente:<\/span> Psic\u00f3loga\/Psicoterapeuta, consulta privada. Estocolmo.<\/li>\n \t<li><span style=\"color: var(--e-global-color-primary);\">2022: <\/span>Psic\u00f3loga, Fryshuset. Tratamientos psicoterap\u00e9uticos en Passus. Psic\u00f3logo\/l\u00edder de grupo, 1825 Centro Terap\u00e9utico para J\u00f3venes Adultos, Estocolmo. L\u00edder de grupo en el proyecto \u201c\u00c4ntligen IRL &#8211; Conversaciones importantes en grupo\u201d<\/li>\n \t<li><span style=\"color: var(--e-global-color-primary);\">2017-2021: <\/span>Psic\u00f3loga, Servicios de Salud del Condado de Estocolmo, BUP Psiquiatr\u00eda Infantil y Juvenil, Estocolmo. Evaluaciones psicol\u00f3gicas de ni\u00f1os, adultos y su interacci\u00f3n, tratamientos de ni\u00f1os y adolescentes, tratamientos de interacci\u00f3n, apoyo a los padres, terapias familiares, terapias de pareja, consultas en MVC y BVC.<\/li>\n \t<li><span style=\"color: var(--e-global-color-primary);\">2014-2017: <\/span>Psic\u00f3loga, Servicios de Salud del Condado de Estocolmo, Centro de Trastornos Alimentarios de Estocolmo, Estocolmo. Evaluaciones psicol\u00f3gicas y tratamientos de adolescentes de 12-19 a\u00f1os, apoyo a los padres, terapias familiares, trabajo en equipo, colaboraci\u00f3n con otros proveedores de atenci\u00f3n m\u00e9dica y servicios municipales.<\/li>\n \t<li><span style=\"color: var(--e-global-color-primary);\"> 2012-2013:<\/span> Psic\u00f3loga, Regi\u00f3n de V\u00e4stra G\u00f6taland, Atenci\u00f3n Primaria,\nServicio Psicol\u00f3gico de Salud Materna e Infantil, Bor\u00e5s. Evaluaciones del\ndesarrollo, investigaciones y tratamientos psicol\u00f3gicos de ni\u00f1os de 0-6 a\u00f1os,\ntratamientos psicol\u00f3gicos de adultos, asesoramiento y apoyo a padres y\nfuturos padres, evaluaciones de interacci\u00f3n, consultas a personal de atenci\u00f3n\nm\u00e9dica en MVC y BVC, participaci\u00f3n en reuniones ROS.\n<\/li><li><span style=\"color: var(--e-global-color-primary);\">2009-2010:<\/span> Psic\u00f3logo en pr\u00e1cticas (PTP), Servicios de Salud del Condado de\nV\u00e4stra G\u00f6taland, en la Unidad de Psiquiatr\u00eda Infantil y Juvenil (BUP),\nHospital Central de Sk\u00f6vde. Evaluaci\u00f3n y tratamiento de ni\u00f1os de 6 a 17\na\u00f1os y sus familias. Apoyo y asesoramiento a los padres. Colaboraci\u00f3n con\notros proveedores de atenci\u00f3n m\u00e9dica y servicios municipales.\n<\/li><li><span style=\"color: var(--e-global-color-primary);\">2007:<\/span> Asistente de investigaci\u00f3n, Universidad de Oslo, Departamento de\nPsicolog\u00eda del Desarrollo, Oslo. Trabajo administrativo en el departamento\nde psicolog\u00eda.\n<\/li><li><span style=\"color: var(--e-global-color-primary);\">2006-2007: <\/span>Cuidador infantil, BAB Barnehager AS, Oslo.\n<\/li><li><span style=\"color: var(--e-global-color-primary);\"> 2003:<\/span> Psic\u00f3logo, Hospital de Ni\u00f1os Garrahan, Buenos Aires. Evaluaci\u00f3n,\ntratamiento y medidas preventivas para ni\u00f1os y sus familias.\n<\/li><li><span style=\"color: var(--e-global-color-primary);\">2000-2002:<\/span> Embajada de M\u00e9xico, Buenos Aires. Trabajo administrativo.\n<\/li><li><span style=\"color: var(--e-global-color-primary);\">2000-2001:<\/span> Psic\u00f3logo, Hospital Psiqui\u00e1trico Evita, Buenos Aires.\nDiagn\u00f3stico y tratamiento de pacientes psic\u00f3ticos.\n<\/li><li><span style=\"color: var(--e-global-color-primary);\">1999:<\/span> Pr\u00e1ctica en psicolog\u00eda, Hospital Regional Jos\u00e9 Penna, Bah\u00eda Blanca,\nArgentina. Pr\u00e1ctica en varios sectores de atenci\u00f3n m\u00e9dica: atenci\u00f3n de\nurgencias, psiquiatr\u00eda de guardia, atenci\u00f3n ambulatoria, hospitalizaci\u00f3n y\nrehabilitaci\u00f3n. Colaboraci\u00f3n con otros especialistas.<\/li>\n<\/ul>\t\t\t\t\t\t\t\t<\/div>\n\t\t\t\t<\/div>\n\t\t\t\t<\/div>\n\t\t\t\t\t<\/div>\n\t\t\t\t<\/div>\n\t\t\t\t<\/div>\n\t\t","protected":false},"excerpt":{"rendered":"<p>Experiencia laboral 2021-presente: Psic\u00f3loga\/Psicoterapeuta, consulta privada. Estocolmo. 2022: Psic\u00f3loga, Fryshuset. Tratamientos psicoterap\u00e9uticos en Passus. Psic\u00f3logo\/l\u00edder de grupo, 1825 Centro Terap\u00e9utico para J\u00f3venes Adultos, Estocolmo. L\u00edder de grupo en el proyecto \u201c\u00c4ntligen IRL &#8211; Conversaciones importantes en grupo\u201d 2017-2021: Psic\u00f3loga, Servicios de Salud del Condado de Estocolmo, BUP Psiquiatr\u00eda Infantil y Juvenil, Estocolmo. Evaluaciones psicol\u00f3gicas de [&hellip;]<\/p>\n","protected":false},"author":1,"featured_media":0,"parent":868,"menu_order":0,"comment_status":"closed","ping_status":"closed","template":"","meta":{"footnotes":""},"class_list":["post-872","page","type-page","status-publish","hentry"],"yoast_head":"<!-- This site is optimized with the Yoast SEO plugin v27.5 - https:\/\/yoast.com\/product\/yoast-seo-wordpress\/ -->\n<title>Experiencia laboral - Natalia Buffa<\/title>\n<meta name=\"robots\" content=\"index, follow, max-snippet:-1, max-image-preview:large, max-video-preview:-1\" \/>\n<link rel=\"canonical\" href=\"https:\/\/nataliabuffa.se\/es\/sobre-mi\/experiencia-laboral\/\" \/>\n<meta property=\"og:locale\" content=\"es_ES\" \/>\n<meta property=\"og:type\" content=\"article\" \/>\n<meta property=\"og:title\" content=\"Experiencia laboral - Natalia Buffa\" \/>\n<meta property=\"og:description\" content=\"Experiencia laboral 2021-presente: Psic\u00f3loga\/Psicoterapeuta, consulta privada. Estocolmo. 2022: Psic\u00f3loga, Fryshuset. Tratamientos psicoterap\u00e9uticos en Passus. Psic\u00f3logo\/l\u00edder de grupo, 1825 Centro Terap\u00e9utico para J\u00f3venes Adultos, Estocolmo. L\u00edder de grupo en el proyecto \u201c\u00c4ntligen IRL &#8211; Conversaciones importantes en grupo\u201d 2017-2021: Psic\u00f3loga, Servicios de Salud del Condado de Estocolmo, BUP Psiquiatr\u00eda Infantil y Juvenil, Estocolmo. Evaluaciones psicol\u00f3gicas de [&hellip;]\" \/>\n<meta property=\"og:url\" content=\"https:\/\/nataliabuffa.se\/es\/sobre-mi\/experiencia-laboral\/\" \/>\n<meta property=\"og:site_name\" content=\"Natalia Buffa\" \/>\n<meta property=\"article:modified_time\" content=\"2024-09-15T23:06:10+00:00\" \/>\n<meta name=\"twitter:card\" content=\"summary_large_image\" \/>\n<meta name=\"twitter:label1\" content=\"Tiempo de lectura\" \/>\n\t<meta name=\"twitter:data1\" content=\"2 minutos\" \/>\n<script type=\"application\/ld+json\" class=\"yoast-schema-graph\">{\"@context\":\"https:\\\/\\\/schema.org\",\"@graph\":[{\"@type\":\"WebPage\",\"@id\":\"https:\\\/\\\/nataliabuffa.se\\\/es\\\/sobre-mi\\\/experiencia-laboral\\\/\",\"url\":\"https:\\\/\\\/nataliabuffa.se\\\/es\\\/sobre-mi\\\/experiencia-laboral\\\/\",\"name\":\"Experiencia laboral - Natalia Buffa\",\"isPartOf\":{\"@id\":\"https:\\\/\\\/nataliabuffa.se\\\/es\\\/#website\"},\"datePublished\":\"2024-09-15T22:16:33+00:00\",\"dateModified\":\"2024-09-15T23:06:10+00:00\",\"breadcrumb\":{\"@id\":\"https:\\\/\\\/nataliabuffa.se\\\/es\\\/sobre-mi\\\/experiencia-laboral\\\/#breadcrumb\"},\"inLanguage\":\"es\",\"potentialAction\":[{\"@type\":\"ReadAction\",\"target\":[\"https:\\\/\\\/nataliabuffa.se\\\/es\\\/sobre-mi\\\/experiencia-laboral\\\/\"]}]},{\"@type\":\"BreadcrumbList\",\"@id\":\"https:\\\/\\\/nataliabuffa.se\\\/es\\\/sobre-mi\\\/experiencia-laboral\\\/#breadcrumb\",\"itemListElement\":[{\"@type\":\"ListItem\",\"position\":1,\"name\":\"Home\",\"item\":\"https:\\\/\\\/nataliabuffa.se\\\/es\\\/\"},{\"@type\":\"ListItem\",\"position\":2,\"name\":\"Sobre m\u00ed\",\"item\":\"https:\\\/\\\/nataliabuffa.se\\\/es\\\/om-mig\\\/\"},{\"@type\":\"ListItem\",\"position\":3,\"name\":\"Experiencia laboral\"}]},{\"@type\":\"WebSite\",\"@id\":\"https:\\\/\\\/nataliabuffa.se\\\/es\\\/#website\",\"url\":\"https:\\\/\\\/nataliabuffa.se\\\/es\\\/\",\"name\":\"Natalia Buffa\",\"description\":\"Natalia Buffa\",\"publisher\":{\"@id\":\"https:\\\/\\\/nataliabuffa.se\\\/es\\\/#organization\"},\"potentialAction\":[{\"@type\":\"SearchAction\",\"target\":{\"@type\":\"EntryPoint\",\"urlTemplate\":\"https:\\\/\\\/nataliabuffa.se\\\/es\\\/?s={search_term_string}\"},\"query-input\":{\"@type\":\"PropertyValueSpecification\",\"valueRequired\":true,\"valueName\":\"search_term_string\"}}],\"inLanguage\":\"es\"},{\"@type\":\"Organization\",\"@id\":\"https:\\\/\\\/nataliabuffa.se\\\/es\\\/#organization\",\"name\":\"Natalia Buffa\",\"url\":\"https:\\\/\\\/nataliabuffa.se\\\/es\\\/\",\"logo\":{\"@type\":\"ImageObject\",\"inLanguage\":\"es\",\"@id\":\"https:\\\/\\\/nataliabuffa.se\\\/es\\\/#\\\/schema\\\/logo\\\/image\\\/\",\"url\":\"https:\\\/\\\/nataliabuffa.se\\\/wp-content\\\/uploads\\\/2024\\\/01\\\/Natalia-logo.jpg\",\"contentUrl\":\"https:\\\/\\\/nataliabuffa.se\\\/wp-content\\\/uploads\\\/2024\\\/01\\\/Natalia-logo.jpg\",\"width\":1312,\"height\":216,\"caption\":\"Natalia Buffa\"},\"image\":{\"@id\":\"https:\\\/\\\/nataliabuffa.se\\\/es\\\/#\\\/schema\\\/logo\\\/image\\\/\"}}]}<\/script>\n<!-- \/ Yoast SEO plugin. -->","yoast_head_json":{"title":"Experiencia laboral - Natalia Buffa","robots":{"index":"index","follow":"follow","max-snippet":"max-snippet:-1","max-image-preview":"max-image-preview:large","max-video-preview":"max-video-preview:-1"},"canonical":"https:\/\/nataliabuffa.se\/es\/sobre-mi\/experiencia-laboral\/","og_locale":"es_ES","og_type":"article","og_title":"Experiencia laboral - Natalia Buffa","og_description":"Experiencia laboral 2021-presente: Psic\u00f3loga\/Psicoterapeuta, consulta privada. Estocolmo. 2022: Psic\u00f3loga, Fryshuset. Tratamientos psicoterap\u00e9uticos en Passus. Psic\u00f3logo\/l\u00edder de grupo, 1825 Centro Terap\u00e9utico para J\u00f3venes Adultos, Estocolmo. L\u00edder de grupo en el proyecto \u201c\u00c4ntligen IRL &#8211; Conversaciones importantes en grupo\u201d 2017-2021: Psic\u00f3loga, Servicios de Salud del Condado de Estocolmo, BUP Psiquiatr\u00eda Infantil y Juvenil, Estocolmo. Evaluaciones psicol\u00f3gicas de [&hellip;]","og_url":"https:\/\/nataliabuffa.se\/es\/sobre-mi\/experiencia-laboral\/","og_site_name":"Natalia Buffa","article_modified_time":"2024-09-15T23:06:10+00:00","twitter_card":"summary_large_image","twitter_misc":{"Tiempo de lectura":"2 minutos"},"schema":{"@context":"https:\/\/schema.org","@graph":[{"@type":"WebPage","@id":"https:\/\/nataliabuffa.se\/es\/sobre-mi\/experiencia-laboral\/","url":"https:\/\/nataliabuffa.se\/es\/sobre-mi\/experiencia-laboral\/","name":"Experiencia laboral - Natalia Buffa","isPartOf":{"@id":"https:\/\/nataliabuffa.se\/es\/#website"},"datePublished":"2024-09-15T22:16:33+00:00","dateModified":"2024-09-15T23:06:10+00:00","breadcrumb":{"@id":"https:\/\/nataliabuffa.se\/es\/sobre-mi\/experiencia-laboral\/#breadcrumb"},"inLanguage":"es","potentialAction":[{"@type":"ReadAction","target":["https:\/\/nataliabuffa.se\/es\/sobre-mi\/experiencia-laboral\/"]}]},{"@type":"BreadcrumbList","@id":"https:\/\/nataliabuffa.se\/es\/sobre-mi\/experiencia-laboral\/#breadcrumb","itemListElement":[{"@type":"ListItem","position":1,"name":"Home","item":"https:\/\/nataliabuffa.se\/es\/"},{"@type":"ListItem","position":2,"name":"Sobre m\u00ed","item":"https:\/\/nataliabuffa.se\/es\/om-mig\/"},{"@type":"ListItem","position":3,"name":"Experiencia laboral"}]},{"@type":"WebSite","@id":"https:\/\/nataliabuffa.se\/es\/#website","url":"https:\/\/nataliabuffa.se\/es\/","name":"Natalia Buffa","description":"Natalia Buffa","publisher":{"@id":"https:\/\/nataliabuffa.se\/es\/#organization"},"potentialAction":[{"@type":"SearchAction","target":{"@type":"EntryPoint","urlTemplate":"https:\/\/nataliabuffa.se\/es\/?s={search_term_string}"},"query-input":{"@type":"PropertyValueSpecification","valueRequired":true,"valueName":"search_term_string"}}],"inLanguage":"es"},{"@type":"Organization","@id":"https:\/\/nataliabuffa.se\/es\/#organization","name":"Natalia Buffa","url":"https:\/\/nataliabuffa.se\/es\/","logo":{"@type":"ImageObject","inLanguage":"es","@id":"https:\/\/nataliabuffa.se\/es\/#\/schema\/logo\/image\/","url":"https:\/\/nataliabuffa.se\/wp-content\/uploads\/2024\/01\/Natalia-logo.jpg","contentUrl":"https:\/\/nataliabuffa.se\/wp-content\/uploads\/2024\/01\/Natalia-logo.jpg","width":1312,"height":216,"caption":"Natalia Buffa"},"image":{"@id":"https:\/\/nataliabuffa.se\/es\/#\/schema\/logo\/image\/"}}]}},"_links":{"self":[{"href":"https:\/\/nataliabuffa.se\/es\/wp-json\/wp\/v2\/pages\/872","targetHints":{"allow":["GET"]}}],"collection":[{"href":"https:\/\/nataliabuffa.se\/es\/wp-json\/wp\/v2\/pages"}],"about":[{"href":"https:\/\/nataliabuffa.se\/es\/wp-json\/wp\/v2\/types\/page"}],"author":[{"embeddable":true,"href":"https:\/\/nataliabuffa.se\/es\/wp-json\/wp\/v2\/users\/1"}],"replies":[{"embeddable":true,"href":"https:\/\/nataliabuffa.se\/es\/wp-json\/wp\/v2\/comments?post=872"}],"version-history":[{"count":4,"href":"https:\/\/nataliabuffa.se\/es\/wp-json\/wp\/v2\/pages\/872\/revisions"}],"predecessor-version":[{"id":876,"href":"https:\/\/nataliabuffa.se\/es\/wp-json\/wp\/v2\/pages\/872\/revisions\/876"}],"up":[{"embeddable":true,"href":"https:\/\/nataliabuffa.se\/es\/wp-json\/wp\/v2\/pages\/868"}],"wp:attachment":[{"href":"https:\/\/nataliabuffa.se\/es\/wp-json\/wp\/v2\/media?parent=872"}],"curies":[{"name":"wp","href":"https:\/\/api.w.org\/{rel}","templated":true}]}}