{"id":880,"date":"2024-09-15T22:20:24","date_gmt":"2024-09-15T22:20:24","guid":{"rendered":"https:\/\/nataliabuffa.se\/psicoterapia\/"},"modified":"2024-09-30T10:00:07","modified_gmt":"2024-09-30T10:00:07","slug":"psicoterapia","status":"publish","type":"page","link":"https:\/\/nataliabuffa.se\/es\/psicoterapia\/","title":{"rendered":"Psicoterapia"},"content":{"rendered":"\t\t<div data-elementor-type=\"wp-page\" data-elementor-id=\"880\" class=\"elementor elementor-880 elementor-789\" data-elementor-post-type=\"page\">\n\t\t\t\t<div class=\"elementor-element elementor-element-76e8393 e-flex e-con-boxed e-con e-parent\" data-id=\"76e8393\" data-element_type=\"container\" data-e-type=\"container\">\n\t\t\t\t\t<div class=\"e-con-inner\">\n\t\t<div class=\"elementor-element elementor-element-f137b37 e-con-full e-flex e-con e-child\" data-id=\"f137b37\" data-element_type=\"container\" data-e-type=\"container\">\n\t\t<div class=\"elementor-element elementor-element-bb74e87 e-con-full e-flex e-con e-child\" data-id=\"bb74e87\" data-element_type=\"container\" data-e-type=\"container\" data-settings=\"{&quot;background_background&quot;:&quot;classic&quot;}\">\n\t\t\t\t<div class=\"elementor-element elementor-element-4353ec1 elementor-widget elementor-widget-heading\" data-id=\"4353ec1\" data-element_type=\"widget\" data-e-type=\"widget\" data-widget_type=\"heading.default\">\n\t\t\t\t<div class=\"elementor-widget-container\">\n\t\t\t\t\t<h1 class=\"elementor-heading-title elementor-size-default\">Psicoterapia<\/h1>\t\t\t\t<\/div>\n\t\t\t\t<\/div>\n\t\t\t\t<\/div>\n\t\t\t\t<\/div>\n\t\t<div class=\"elementor-element elementor-element-f0a4ac1 e-con-full e-flex e-con e-child\" data-id=\"f0a4ac1\" data-element_type=\"container\" data-e-type=\"container\">\n\t\t\t\t<div class=\"elementor-element elementor-element-d7d5190 om-mig-list elementor-widget elementor-widget-text-editor\" data-id=\"d7d5190\" data-element_type=\"widget\" data-e-type=\"widget\" data-widget_type=\"text-editor.default\">\n\t\t\t\t<div class=\"elementor-widget-container\">\n\t\t\t\t\t\t\t\t\t<p>Ofrezco psicoterapia para individuos, familias, parejas, adolescentes, padres y futuros padres. Tengo una amplia experiencia en el tratamiento de problemas de relaci\u00f3n, depresi\u00f3n, trastornos de la alimentaci\u00f3n, problemas relacionados con el embarazo, trauma, ansiedad, as\u00ed como en apoyar a las personas en su esfuerzo por conocerse mejor y desarrollar formas m\u00e1s efectivas de manejar las circunstancias de la vida. <\/p>\n<p>La psicoterapia puede variar seg\u00fan las necesidades y la personalidad del consultatante. Podemos reunirnos una o varias veces a la semana, y la duraci\u00f3n de la terapia depende de su objetivo. Si el objetivo es aumentar la conciencia sobre el propio comportamiento, desarrollarse personalmente o cambios profundos en la personalidad, puede llevar varios a\u00f1os. Si el objetivo es abordar un \u00e1rea espec\u00edfica de la personalidad o una problem\u00e1tica concreta, la duraci\u00f3n de la terapia se ajustar\u00e1 en consecuencia.   <\/p>\n<p>Adapto mi enfoque a cada individuo y los considero desde una perspectiva integral. Veo a cada persona como un resultado \u00fanico de dimensiones biol\u00f3gicas, psicol\u00f3gicas, sociales, culturales y espirituales. Utilizo principalmente m\u00e9todos psicodin\u00e1micos, existenciales y de terapia familiar en mi trabajo.  <\/p>\n\t\t\t\t\t\t\t\t<\/div>\n\t\t\t\t<\/div>\n\t\t\t\t<\/div>\n\t\t\t\t\t<\/div>\n\t\t\t\t<\/div>\n\t\t\t\t<\/div>\n\t\t","protected":false},"excerpt":{"rendered":"<p>Psicoterapia Ofrezco psicoterapia para individuos, familias, parejas, adolescentes, padres y futuros padres. Tengo una amplia experiencia en el tratamiento de problemas de relaci\u00f3n, depresi\u00f3n, trastornos de la alimentaci\u00f3n, problemas relacionados con el embarazo, trauma, ansiedad, as\u00ed como en apoyar a las personas en su esfuerzo por conocerse mejor y desarrollar formas m\u00e1s efectivas de manejar [&hellip;]<\/p>\n","protected":false},"author":1,"featured_media":0,"parent":0,"menu_order":0,"comment_status":"closed","ping_status":"closed","template":"","meta":{"footnotes":""},"class_list":["post-880","page","type-page","status-publish","hentry"],"yoast_head":"<!-- This site is optimized with the Yoast SEO plugin v27.5 - https:\/\/yoast.com\/product\/yoast-seo-wordpress\/ -->\n<title>Psicoterapia - Natalia Buffa<\/title>\n<meta name=\"robots\" content=\"index, follow, max-snippet:-1, max-image-preview:large, max-video-preview:-1\" \/>\n<link rel=\"canonical\" href=\"https:\/\/nataliabuffa.se\/es\/psicoterapia\/\" \/>\n<meta property=\"og:locale\" content=\"es_ES\" \/>\n<meta property=\"og:type\" content=\"article\" \/>\n<meta property=\"og:title\" content=\"Psicoterapia - Natalia Buffa\" \/>\n<meta property=\"og:description\" content=\"Psicoterapia Ofrezco psicoterapia para individuos, familias, parejas, adolescentes, padres y futuros padres. Tengo una amplia experiencia en el tratamiento de problemas de relaci\u00f3n, depresi\u00f3n, trastornos de la alimentaci\u00f3n, problemas relacionados con el embarazo, trauma, ansiedad, as\u00ed como en apoyar a las personas en su esfuerzo por conocerse mejor y desarrollar formas m\u00e1s efectivas de manejar [&hellip;]\" \/>\n<meta property=\"og:url\" content=\"https:\/\/nataliabuffa.se\/es\/psicoterapia\/\" \/>\n<meta property=\"og:site_name\" content=\"Natalia Buffa\" \/>\n<meta property=\"article:modified_time\" content=\"2024-09-30T10:00:07+00:00\" \/>\n<meta name=\"twitter:card\" content=\"summary_large_image\" \/>\n<meta name=\"twitter:label1\" content=\"Tiempo de lectura\" \/>\n\t<meta name=\"twitter:data1\" content=\"1 minuto\" \/>\n<script type=\"application\/ld+json\" class=\"yoast-schema-graph\">{\"@context\":\"https:\\\/\\\/schema.org\",\"@graph\":[{\"@type\":\"WebPage\",\"@id\":\"https:\\\/\\\/nataliabuffa.se\\\/es\\\/psicoterapia\\\/\",\"url\":\"https:\\\/\\\/nataliabuffa.se\\\/es\\\/psicoterapia\\\/\",\"name\":\"Psicoterapia - Natalia Buffa\",\"isPartOf\":{\"@id\":\"https:\\\/\\\/nataliabuffa.se\\\/es\\\/#website\"},\"datePublished\":\"2024-09-15T22:20:24+00:00\",\"dateModified\":\"2024-09-30T10:00:07+00:00\",\"breadcrumb\":{\"@id\":\"https:\\\/\\\/nataliabuffa.se\\\/es\\\/psicoterapia\\\/#breadcrumb\"},\"inLanguage\":\"es\",\"potentialAction\":[{\"@type\":\"ReadAction\",\"target\":[\"https:\\\/\\\/nataliabuffa.se\\\/es\\\/psicoterapia\\\/\"]}]},{\"@type\":\"BreadcrumbList\",\"@id\":\"https:\\\/\\\/nataliabuffa.se\\\/es\\\/psicoterapia\\\/#breadcrumb\",\"itemListElement\":[{\"@type\":\"ListItem\",\"position\":1,\"name\":\"Home\",\"item\":\"https:\\\/\\\/nataliabuffa.se\\\/es\\\/\"},{\"@type\":\"ListItem\",\"position\":2,\"name\":\"Psicoterapia\"}]},{\"@type\":\"WebSite\",\"@id\":\"https:\\\/\\\/nataliabuffa.se\\\/es\\\/#website\",\"url\":\"https:\\\/\\\/nataliabuffa.se\\\/es\\\/\",\"name\":\"Natalia Buffa\",\"description\":\"Natalia Buffa\",\"publisher\":{\"@id\":\"https:\\\/\\\/nataliabuffa.se\\\/es\\\/#organization\"},\"potentialAction\":[{\"@type\":\"SearchAction\",\"target\":{\"@type\":\"EntryPoint\",\"urlTemplate\":\"https:\\\/\\\/nataliabuffa.se\\\/es\\\/?s={search_term_string}\"},\"query-input\":{\"@type\":\"PropertyValueSpecification\",\"valueRequired\":true,\"valueName\":\"search_term_string\"}}],\"inLanguage\":\"es\"},{\"@type\":\"Organization\",\"@id\":\"https:\\\/\\\/nataliabuffa.se\\\/es\\\/#organization\",\"name\":\"Natalia Buffa\",\"url\":\"https:\\\/\\\/nataliabuffa.se\\\/es\\\/\",\"logo\":{\"@type\":\"ImageObject\",\"inLanguage\":\"es\",\"@id\":\"https:\\\/\\\/nataliabuffa.se\\\/es\\\/#\\\/schema\\\/logo\\\/image\\\/\",\"url\":\"https:\\\/\\\/nataliabuffa.se\\\/wp-content\\\/uploads\\\/2024\\\/01\\\/Natalia-logo.jpg\",\"contentUrl\":\"https:\\\/\\\/nataliabuffa.se\\\/wp-content\\\/uploads\\\/2024\\\/01\\\/Natalia-logo.jpg\",\"width\":1312,\"height\":216,\"caption\":\"Natalia Buffa\"},\"image\":{\"@id\":\"https:\\\/\\\/nataliabuffa.se\\\/es\\\/#\\\/schema\\\/logo\\\/image\\\/\"}}]}<\/script>\n<!-- \/ Yoast SEO plugin. -->","yoast_head_json":{"title":"Psicoterapia - Natalia Buffa","robots":{"index":"index","follow":"follow","max-snippet":"max-snippet:-1","max-image-preview":"max-image-preview:large","max-video-preview":"max-video-preview:-1"},"canonical":"https:\/\/nataliabuffa.se\/es\/psicoterapia\/","og_locale":"es_ES","og_type":"article","og_title":"Psicoterapia - Natalia Buffa","og_description":"Psicoterapia Ofrezco psicoterapia para individuos, familias, parejas, adolescentes, padres y futuros padres. Tengo una amplia experiencia en el tratamiento de problemas de relaci\u00f3n, depresi\u00f3n, trastornos de la alimentaci\u00f3n, problemas relacionados con el embarazo, trauma, ansiedad, as\u00ed como en apoyar a las personas en su esfuerzo por conocerse mejor y desarrollar formas m\u00e1s efectivas de manejar [&hellip;]","og_url":"https:\/\/nataliabuffa.se\/es\/psicoterapia\/","og_site_name":"Natalia Buffa","article_modified_time":"2024-09-30T10:00:07+00:00","twitter_card":"summary_large_image","twitter_misc":{"Tiempo de lectura":"1 minuto"},"schema":{"@context":"https:\/\/schema.org","@graph":[{"@type":"WebPage","@id":"https:\/\/nataliabuffa.se\/es\/psicoterapia\/","url":"https:\/\/nataliabuffa.se\/es\/psicoterapia\/","name":"Psicoterapia - Natalia Buffa","isPartOf":{"@id":"https:\/\/nataliabuffa.se\/es\/#website"},"datePublished":"2024-09-15T22:20:24+00:00","dateModified":"2024-09-30T10:00:07+00:00","breadcrumb":{"@id":"https:\/\/nataliabuffa.se\/es\/psicoterapia\/#breadcrumb"},"inLanguage":"es","potentialAction":[{"@type":"ReadAction","target":["https:\/\/nataliabuffa.se\/es\/psicoterapia\/"]}]},{"@type":"BreadcrumbList","@id":"https:\/\/nataliabuffa.se\/es\/psicoterapia\/#breadcrumb","itemListElement":[{"@type":"ListItem","position":1,"name":"Home","item":"https:\/\/nataliabuffa.se\/es\/"},{"@type":"ListItem","position":2,"name":"Psicoterapia"}]},{"@type":"WebSite","@id":"https:\/\/nataliabuffa.se\/es\/#website","url":"https:\/\/nataliabuffa.se\/es\/","name":"Natalia Buffa","description":"Natalia Buffa","publisher":{"@id":"https:\/\/nataliabuffa.se\/es\/#organization"},"potentialAction":[{"@type":"SearchAction","target":{"@type":"EntryPoint","urlTemplate":"https:\/\/nataliabuffa.se\/es\/?s={search_term_string}"},"query-input":{"@type":"PropertyValueSpecification","valueRequired":true,"valueName":"search_term_string"}}],"inLanguage":"es"},{"@type":"Organization","@id":"https:\/\/nataliabuffa.se\/es\/#organization","name":"Natalia Buffa","url":"https:\/\/nataliabuffa.se\/es\/","logo":{"@type":"ImageObject","inLanguage":"es","@id":"https:\/\/nataliabuffa.se\/es\/#\/schema\/logo\/image\/","url":"https:\/\/nataliabuffa.se\/wp-content\/uploads\/2024\/01\/Natalia-logo.jpg","contentUrl":"https:\/\/nataliabuffa.se\/wp-content\/uploads\/2024\/01\/Natalia-logo.jpg","width":1312,"height":216,"caption":"Natalia Buffa"},"image":{"@id":"https:\/\/nataliabuffa.se\/es\/#\/schema\/logo\/image\/"}}]}},"_links":{"self":[{"href":"https:\/\/nataliabuffa.se\/es\/wp-json\/wp\/v2\/pages\/880","targetHints":{"allow":["GET"]}}],"collection":[{"href":"https:\/\/nataliabuffa.se\/es\/wp-json\/wp\/v2\/pages"}],"about":[{"href":"https:\/\/nataliabuffa.se\/es\/wp-json\/wp\/v2\/types\/page"}],"author":[{"embeddable":true,"href":"https:\/\/nataliabuffa.se\/es\/wp-json\/wp\/v2\/users\/1"}],"replies":[{"embeddable":true,"href":"https:\/\/nataliabuffa.se\/es\/wp-json\/wp\/v2\/comments?post=880"}],"version-history":[{"count":2,"href":"https:\/\/nataliabuffa.se\/es\/wp-json\/wp\/v2\/pages\/880\/revisions"}],"predecessor-version":[{"id":953,"href":"https:\/\/nataliabuffa.se\/es\/wp-json\/wp\/v2\/pages\/880\/revisions\/953"}],"wp:attachment":[{"href":"https:\/\/nataliabuffa.se\/es\/wp-json\/wp\/v2\/media?parent=880"}],"curies":[{"name":"wp","href":"https:\/\/api.w.org\/{rel}","templated":true}]}}