{"id":885,"date":"2024-09-15T22:24:26","date_gmt":"2024-09-15T22:24:26","guid":{"rendered":"https:\/\/nataliabuffa.se\/supervision\/"},"modified":"2024-09-30T10:00:31","modified_gmt":"2024-09-30T10:00:31","slug":"supervision","status":"publish","type":"page","link":"https:\/\/nataliabuffa.se\/es\/supervision\/","title":{"rendered":"Supervisi\u00f3n"},"content":{"rendered":"\t\t<div data-elementor-type=\"wp-page\" data-elementor-id=\"885\" class=\"elementor elementor-885 elementor-798\" data-elementor-post-type=\"page\">\n\t\t\t\t<div class=\"elementor-element elementor-element-0d2a5af e-flex e-con-boxed e-con e-parent\" data-id=\"0d2a5af\" data-element_type=\"container\" data-e-type=\"container\">\n\t\t\t\t\t<div class=\"e-con-inner\">\n\t\t<div class=\"elementor-element elementor-element-7a836bc e-con-full e-flex e-con e-child\" data-id=\"7a836bc\" data-element_type=\"container\" data-e-type=\"container\">\n\t\t<div class=\"elementor-element elementor-element-8c046df e-con-full e-flex e-con e-child\" data-id=\"8c046df\" data-element_type=\"container\" data-e-type=\"container\" data-settings=\"{&quot;background_background&quot;:&quot;classic&quot;}\">\n\t\t\t\t<div class=\"elementor-element elementor-element-14f41bc elementor-widget elementor-widget-heading\" data-id=\"14f41bc\" data-element_type=\"widget\" data-e-type=\"widget\" data-widget_type=\"heading.default\">\n\t\t\t\t<div class=\"elementor-widget-container\">\n\t\t\t\t\t<h1 class=\"elementor-heading-title elementor-size-default\">Supervisi\u00f3n<\/h1>\t\t\t\t<\/div>\n\t\t\t\t<\/div>\n\t\t\t\t<\/div>\n\t\t\t\t<\/div>\n\t\t<div class=\"elementor-element elementor-element-1b9d2b0 e-con-full e-flex e-con e-child\" data-id=\"1b9d2b0\" data-element_type=\"container\" data-e-type=\"container\">\n\t\t\t\t<div class=\"elementor-element elementor-element-e34979d om-mig-list elementor-widget elementor-widget-text-editor\" data-id=\"e34979d\" data-element_type=\"widget\" data-e-type=\"widget\" data-widget_type=\"text-editor.default\">\n\t\t\t\t<div class=\"elementor-widget-container\">\n\t\t\t\t\t\t\t\t\t<p>Como supervisor, te ofrezco un espacio para reflexionar sobre ti mismo, tu profesi\u00f3n y la relaci\u00f3n entre t\u00fa y tu paciente o familia. Juntos exploramos el contexto interno y externo en el que t\u00fa y tu paciente se encuentran, para comprender mejor lo que sucede en ti, en tu paciente y entre ustedes. La supervisi\u00f3n generalmente se lleva a cabo de manera regular, donde juntos determinamos la frecuencia y duraci\u00f3n. Det finns m\u00f6jlighet att tr\u00e4ffas p\u00e5 min mottagning, online eller att jag kommer till er.   <\/p>\n\t\t\t\t\t\t\t\t<\/div>\n\t\t\t\t<\/div>\n\t\t\t\t<\/div>\n\t\t\t\t\t<\/div>\n\t\t\t\t<\/div>\n\t\t\t\t<\/div>\n\t\t","protected":false},"excerpt":{"rendered":"<p>Supervisi\u00f3n Como supervisor, te ofrezco un espacio para reflexionar sobre ti mismo, tu profesi\u00f3n y la relaci\u00f3n entre t\u00fa y tu paciente o familia. Juntos exploramos el contexto interno y externo en el que t\u00fa y tu paciente se encuentran, para comprender mejor lo que sucede en ti, en tu paciente y entre ustedes. La [&hellip;]<\/p>\n","protected":false},"author":1,"featured_media":0,"parent":0,"menu_order":0,"comment_status":"closed","ping_status":"closed","template":"","meta":{"footnotes":""},"class_list":["post-885","page","type-page","status-publish","hentry"],"yoast_head":"<!-- This site is optimized with the Yoast SEO plugin v27.5 - https:\/\/yoast.com\/product\/yoast-seo-wordpress\/ -->\n<title>Supervisi\u00f3n - Natalia Buffa<\/title>\n<meta name=\"robots\" content=\"index, follow, max-snippet:-1, max-image-preview:large, max-video-preview:-1\" \/>\n<link rel=\"canonical\" href=\"https:\/\/nataliabuffa.se\/es\/supervision\/\" \/>\n<meta property=\"og:locale\" content=\"es_ES\" \/>\n<meta property=\"og:type\" content=\"article\" \/>\n<meta property=\"og:title\" content=\"Supervisi\u00f3n - Natalia Buffa\" \/>\n<meta property=\"og:description\" content=\"Supervisi\u00f3n Como supervisor, te ofrezco un espacio para reflexionar sobre ti mismo, tu profesi\u00f3n y la relaci\u00f3n entre t\u00fa y tu paciente o familia. Juntos exploramos el contexto interno y externo en el que t\u00fa y tu paciente se encuentran, para comprender mejor lo que sucede en ti, en tu paciente y entre ustedes. La [&hellip;]\" \/>\n<meta property=\"og:url\" content=\"https:\/\/nataliabuffa.se\/es\/supervision\/\" \/>\n<meta property=\"og:site_name\" content=\"Natalia Buffa\" \/>\n<meta property=\"article:modified_time\" content=\"2024-09-30T10:00:31+00:00\" \/>\n<meta name=\"twitter:card\" content=\"summary_large_image\" \/>\n<script type=\"application\/ld+json\" class=\"yoast-schema-graph\">{\"@context\":\"https:\\\/\\\/schema.org\",\"@graph\":[{\"@type\":\"WebPage\",\"@id\":\"https:\\\/\\\/nataliabuffa.se\\\/es\\\/supervision\\\/\",\"url\":\"https:\\\/\\\/nataliabuffa.se\\\/es\\\/supervision\\\/\",\"name\":\"Supervisi\u00f3n - Natalia Buffa\",\"isPartOf\":{\"@id\":\"https:\\\/\\\/nataliabuffa.se\\\/es\\\/#website\"},\"datePublished\":\"2024-09-15T22:24:26+00:00\",\"dateModified\":\"2024-09-30T10:00:31+00:00\",\"breadcrumb\":{\"@id\":\"https:\\\/\\\/nataliabuffa.se\\\/es\\\/supervision\\\/#breadcrumb\"},\"inLanguage\":\"es\",\"potentialAction\":[{\"@type\":\"ReadAction\",\"target\":[\"https:\\\/\\\/nataliabuffa.se\\\/es\\\/supervision\\\/\"]}]},{\"@type\":\"BreadcrumbList\",\"@id\":\"https:\\\/\\\/nataliabuffa.se\\\/es\\\/supervision\\\/#breadcrumb\",\"itemListElement\":[{\"@type\":\"ListItem\",\"position\":1,\"name\":\"Home\",\"item\":\"https:\\\/\\\/nataliabuffa.se\\\/es\\\/\"},{\"@type\":\"ListItem\",\"position\":2,\"name\":\"Supervisi\u00f3n\"}]},{\"@type\":\"WebSite\",\"@id\":\"https:\\\/\\\/nataliabuffa.se\\\/es\\\/#website\",\"url\":\"https:\\\/\\\/nataliabuffa.se\\\/es\\\/\",\"name\":\"Natalia Buffa\",\"description\":\"Natalia Buffa\",\"publisher\":{\"@id\":\"https:\\\/\\\/nataliabuffa.se\\\/es\\\/#organization\"},\"potentialAction\":[{\"@type\":\"SearchAction\",\"target\":{\"@type\":\"EntryPoint\",\"urlTemplate\":\"https:\\\/\\\/nataliabuffa.se\\\/es\\\/?s={search_term_string}\"},\"query-input\":{\"@type\":\"PropertyValueSpecification\",\"valueRequired\":true,\"valueName\":\"search_term_string\"}}],\"inLanguage\":\"es\"},{\"@type\":\"Organization\",\"@id\":\"https:\\\/\\\/nataliabuffa.se\\\/es\\\/#organization\",\"name\":\"Natalia Buffa\",\"url\":\"https:\\\/\\\/nataliabuffa.se\\\/es\\\/\",\"logo\":{\"@type\":\"ImageObject\",\"inLanguage\":\"es\",\"@id\":\"https:\\\/\\\/nataliabuffa.se\\\/es\\\/#\\\/schema\\\/logo\\\/image\\\/\",\"url\":\"https:\\\/\\\/nataliabuffa.se\\\/wp-content\\\/uploads\\\/2024\\\/01\\\/Natalia-logo.jpg\",\"contentUrl\":\"https:\\\/\\\/nataliabuffa.se\\\/wp-content\\\/uploads\\\/2024\\\/01\\\/Natalia-logo.jpg\",\"width\":1312,\"height\":216,\"caption\":\"Natalia Buffa\"},\"image\":{\"@id\":\"https:\\\/\\\/nataliabuffa.se\\\/es\\\/#\\\/schema\\\/logo\\\/image\\\/\"}}]}<\/script>\n<!-- \/ Yoast SEO plugin. -->","yoast_head_json":{"title":"Supervisi\u00f3n - Natalia Buffa","robots":{"index":"index","follow":"follow","max-snippet":"max-snippet:-1","max-image-preview":"max-image-preview:large","max-video-preview":"max-video-preview:-1"},"canonical":"https:\/\/nataliabuffa.se\/es\/supervision\/","og_locale":"es_ES","og_type":"article","og_title":"Supervisi\u00f3n - Natalia Buffa","og_description":"Supervisi\u00f3n Como supervisor, te ofrezco un espacio para reflexionar sobre ti mismo, tu profesi\u00f3n y la relaci\u00f3n entre t\u00fa y tu paciente o familia. Juntos exploramos el contexto interno y externo en el que t\u00fa y tu paciente se encuentran, para comprender mejor lo que sucede en ti, en tu paciente y entre ustedes. La [&hellip;]","og_url":"https:\/\/nataliabuffa.se\/es\/supervision\/","og_site_name":"Natalia Buffa","article_modified_time":"2024-09-30T10:00:31+00:00","twitter_card":"summary_large_image","schema":{"@context":"https:\/\/schema.org","@graph":[{"@type":"WebPage","@id":"https:\/\/nataliabuffa.se\/es\/supervision\/","url":"https:\/\/nataliabuffa.se\/es\/supervision\/","name":"Supervisi\u00f3n - Natalia Buffa","isPartOf":{"@id":"https:\/\/nataliabuffa.se\/es\/#website"},"datePublished":"2024-09-15T22:24:26+00:00","dateModified":"2024-09-30T10:00:31+00:00","breadcrumb":{"@id":"https:\/\/nataliabuffa.se\/es\/supervision\/#breadcrumb"},"inLanguage":"es","potentialAction":[{"@type":"ReadAction","target":["https:\/\/nataliabuffa.se\/es\/supervision\/"]}]},{"@type":"BreadcrumbList","@id":"https:\/\/nataliabuffa.se\/es\/supervision\/#breadcrumb","itemListElement":[{"@type":"ListItem","position":1,"name":"Home","item":"https:\/\/nataliabuffa.se\/es\/"},{"@type":"ListItem","position":2,"name":"Supervisi\u00f3n"}]},{"@type":"WebSite","@id":"https:\/\/nataliabuffa.se\/es\/#website","url":"https:\/\/nataliabuffa.se\/es\/","name":"Natalia Buffa","description":"Natalia Buffa","publisher":{"@id":"https:\/\/nataliabuffa.se\/es\/#organization"},"potentialAction":[{"@type":"SearchAction","target":{"@type":"EntryPoint","urlTemplate":"https:\/\/nataliabuffa.se\/es\/?s={search_term_string}"},"query-input":{"@type":"PropertyValueSpecification","valueRequired":true,"valueName":"search_term_string"}}],"inLanguage":"es"},{"@type":"Organization","@id":"https:\/\/nataliabuffa.se\/es\/#organization","name":"Natalia Buffa","url":"https:\/\/nataliabuffa.se\/es\/","logo":{"@type":"ImageObject","inLanguage":"es","@id":"https:\/\/nataliabuffa.se\/es\/#\/schema\/logo\/image\/","url":"https:\/\/nataliabuffa.se\/wp-content\/uploads\/2024\/01\/Natalia-logo.jpg","contentUrl":"https:\/\/nataliabuffa.se\/wp-content\/uploads\/2024\/01\/Natalia-logo.jpg","width":1312,"height":216,"caption":"Natalia Buffa"},"image":{"@id":"https:\/\/nataliabuffa.se\/es\/#\/schema\/logo\/image\/"}}]}},"_links":{"self":[{"href":"https:\/\/nataliabuffa.se\/es\/wp-json\/wp\/v2\/pages\/885","targetHints":{"allow":["GET"]}}],"collection":[{"href":"https:\/\/nataliabuffa.se\/es\/wp-json\/wp\/v2\/pages"}],"about":[{"href":"https:\/\/nataliabuffa.se\/es\/wp-json\/wp\/v2\/types\/page"}],"author":[{"embeddable":true,"href":"https:\/\/nataliabuffa.se\/es\/wp-json\/wp\/v2\/users\/1"}],"replies":[{"embeddable":true,"href":"https:\/\/nataliabuffa.se\/es\/wp-json\/wp\/v2\/comments?post=885"}],"version-history":[{"count":2,"href":"https:\/\/nataliabuffa.se\/es\/wp-json\/wp\/v2\/pages\/885\/revisions"}],"predecessor-version":[{"id":957,"href":"https:\/\/nataliabuffa.se\/es\/wp-json\/wp\/v2\/pages\/885\/revisions\/957"}],"wp:attachment":[{"href":"https:\/\/nataliabuffa.se\/es\/wp-json\/wp\/v2\/media?parent=885"}],"curies":[{"name":"wp","href":"https:\/\/api.w.org\/{rel}","templated":true}]}}