{"id":896,"date":"2024-09-15T22:24:36","date_gmt":"2024-09-15T22:24:36","guid":{"rendered":"https:\/\/nataliabuffa.se\/consulta-psicologica\/"},"modified":"2024-09-30T10:00:59","modified_gmt":"2024-09-30T10:00:59","slug":"consulta-psicologica","status":"publish","type":"page","link":"https:\/\/nataliabuffa.se\/es\/consulta-psicologica\/","title":{"rendered":"Consulta psicol\u00f3gica"},"content":{"rendered":"\t\t<div data-elementor-type=\"wp-page\" data-elementor-id=\"896\" class=\"elementor elementor-896 elementor-800\" data-elementor-post-type=\"page\">\n\t\t\t\t<div class=\"elementor-element elementor-element-67607cb e-flex e-con-boxed e-con e-parent\" data-id=\"67607cb\" data-element_type=\"container\" data-e-type=\"container\">\n\t\t\t\t\t<div class=\"e-con-inner\">\n\t\t<div class=\"elementor-element elementor-element-7fc2fb5 e-con-full e-flex e-con e-child\" data-id=\"7fc2fb5\" data-element_type=\"container\" data-e-type=\"container\">\n\t\t<div class=\"elementor-element elementor-element-80f3a33 e-con-full e-flex e-con e-child\" data-id=\"80f3a33\" data-element_type=\"container\" data-e-type=\"container\" data-settings=\"{&quot;background_background&quot;:&quot;classic&quot;}\">\n\t\t\t\t<div class=\"elementor-element elementor-element-09938fe elementor-widget elementor-widget-heading\" data-id=\"09938fe\" data-element_type=\"widget\" data-e-type=\"widget\" data-widget_type=\"heading.default\">\n\t\t\t\t<div class=\"elementor-widget-container\">\n\t\t\t\t\t<h1 class=\"elementor-heading-title elementor-size-default\">Consulta psicol\u00f3gica<\/h1>\t\t\t\t<\/div>\n\t\t\t\t<\/div>\n\t\t\t\t<\/div>\n\t\t\t\t<\/div>\n\t\t<div class=\"elementor-element elementor-element-e19d02d e-con-full e-flex e-con e-child\" data-id=\"e19d02d\" data-element_type=\"container\" data-e-type=\"container\">\n\t\t\t\t<div class=\"elementor-element elementor-element-70211b3 om-mig-list elementor-widget elementor-widget-text-editor\" data-id=\"70211b3\" data-element_type=\"widget\" data-e-type=\"widget\" data-widget_type=\"text-editor.default\">\n\t\t\t\t<div class=\"elementor-widget-container\">\n\t\t\t\t\t\t\t\t\t<p>Reunirse una o varias veces para abordar un problema espec\u00edfico se denomina consulta. A trav\u00e9s de una consulta psicol\u00f3gica, puedo ayudarte a reflexionar y encontrar un camino para enfrentar lo que te preocupa. Puede tratarse de un problema relacionado con la familia, una relaci\u00f3n de pareja, una situaci\u00f3n laboral, decisiones de vida o inquietudes sobre el futuro. Los encuentros pueden ser online, presencialmente en mi consultorio o puedo desplazarme hasta donde ustedes se encuentren. La alternativa presencial es v\u00e1lida dentro del territorio sueco.  <\/p>\n\t\t\t\t\t\t\t\t<\/div>\n\t\t\t\t<\/div>\n\t\t\t\t<\/div>\n\t\t\t\t\t<\/div>\n\t\t\t\t<\/div>\n\t\t\t\t<\/div>\n\t\t","protected":false},"excerpt":{"rendered":"<p>Consulta psicol\u00f3gica Reunirse una o varias veces para abordar un problema espec\u00edfico se denomina consulta. A trav\u00e9s de una consulta psicol\u00f3gica, puedo ayudarte a reflexionar y encontrar un camino para enfrentar lo que te preocupa. Puede tratarse de un problema relacionado con la familia, una relaci\u00f3n de pareja, una situaci\u00f3n laboral, decisiones de vida o [&hellip;]<\/p>\n","protected":false},"author":1,"featured_media":0,"parent":0,"menu_order":0,"comment_status":"closed","ping_status":"closed","template":"","meta":{"footnotes":""},"class_list":["post-896","page","type-page","status-publish","hentry"],"yoast_head":"<!-- This site is optimized with the Yoast SEO plugin v27.5 - https:\/\/yoast.com\/product\/yoast-seo-wordpress\/ -->\n<title>Consulta psicol\u00f3gica - Natalia Buffa<\/title>\n<meta name=\"robots\" content=\"index, follow, max-snippet:-1, max-image-preview:large, max-video-preview:-1\" \/>\n<link rel=\"canonical\" href=\"https:\/\/nataliabuffa.se\/es\/consulta-psicologica\/\" \/>\n<meta property=\"og:locale\" content=\"es_ES\" \/>\n<meta property=\"og:type\" content=\"article\" \/>\n<meta property=\"og:title\" content=\"Consulta psicol\u00f3gica - Natalia Buffa\" \/>\n<meta property=\"og:description\" content=\"Consulta psicol\u00f3gica Reunirse una o varias veces para abordar un problema espec\u00edfico se denomina consulta. A trav\u00e9s de una consulta psicol\u00f3gica, puedo ayudarte a reflexionar y encontrar un camino para enfrentar lo que te preocupa. Puede tratarse de un problema relacionado con la familia, una relaci\u00f3n de pareja, una situaci\u00f3n laboral, decisiones de vida o [&hellip;]\" \/>\n<meta property=\"og:url\" content=\"https:\/\/nataliabuffa.se\/es\/consulta-psicologica\/\" \/>\n<meta property=\"og:site_name\" content=\"Natalia Buffa\" \/>\n<meta property=\"article:modified_time\" content=\"2024-09-30T10:00:59+00:00\" \/>\n<meta name=\"twitter:card\" content=\"summary_large_image\" \/>\n<script type=\"application\/ld+json\" class=\"yoast-schema-graph\">{\"@context\":\"https:\\\/\\\/schema.org\",\"@graph\":[{\"@type\":\"WebPage\",\"@id\":\"https:\\\/\\\/nataliabuffa.se\\\/es\\\/consulta-psicologica\\\/\",\"url\":\"https:\\\/\\\/nataliabuffa.se\\\/es\\\/consulta-psicologica\\\/\",\"name\":\"Consulta psicol\u00f3gica - Natalia Buffa\",\"isPartOf\":{\"@id\":\"https:\\\/\\\/nataliabuffa.se\\\/es\\\/#website\"},\"datePublished\":\"2024-09-15T22:24:36+00:00\",\"dateModified\":\"2024-09-30T10:00:59+00:00\",\"breadcrumb\":{\"@id\":\"https:\\\/\\\/nataliabuffa.se\\\/es\\\/consulta-psicologica\\\/#breadcrumb\"},\"inLanguage\":\"es\",\"potentialAction\":[{\"@type\":\"ReadAction\",\"target\":[\"https:\\\/\\\/nataliabuffa.se\\\/es\\\/consulta-psicologica\\\/\"]}]},{\"@type\":\"BreadcrumbList\",\"@id\":\"https:\\\/\\\/nataliabuffa.se\\\/es\\\/consulta-psicologica\\\/#breadcrumb\",\"itemListElement\":[{\"@type\":\"ListItem\",\"position\":1,\"name\":\"Home\",\"item\":\"https:\\\/\\\/nataliabuffa.se\\\/es\\\/\"},{\"@type\":\"ListItem\",\"position\":2,\"name\":\"Consulta psicol\u00f3gica\"}]},{\"@type\":\"WebSite\",\"@id\":\"https:\\\/\\\/nataliabuffa.se\\\/es\\\/#website\",\"url\":\"https:\\\/\\\/nataliabuffa.se\\\/es\\\/\",\"name\":\"Natalia Buffa\",\"description\":\"Natalia Buffa\",\"publisher\":{\"@id\":\"https:\\\/\\\/nataliabuffa.se\\\/es\\\/#organization\"},\"potentialAction\":[{\"@type\":\"SearchAction\",\"target\":{\"@type\":\"EntryPoint\",\"urlTemplate\":\"https:\\\/\\\/nataliabuffa.se\\\/es\\\/?s={search_term_string}\"},\"query-input\":{\"@type\":\"PropertyValueSpecification\",\"valueRequired\":true,\"valueName\":\"search_term_string\"}}],\"inLanguage\":\"es\"},{\"@type\":\"Organization\",\"@id\":\"https:\\\/\\\/nataliabuffa.se\\\/es\\\/#organization\",\"name\":\"Natalia Buffa\",\"url\":\"https:\\\/\\\/nataliabuffa.se\\\/es\\\/\",\"logo\":{\"@type\":\"ImageObject\",\"inLanguage\":\"es\",\"@id\":\"https:\\\/\\\/nataliabuffa.se\\\/es\\\/#\\\/schema\\\/logo\\\/image\\\/\",\"url\":\"https:\\\/\\\/nataliabuffa.se\\\/wp-content\\\/uploads\\\/2024\\\/01\\\/Natalia-logo.jpg\",\"contentUrl\":\"https:\\\/\\\/nataliabuffa.se\\\/wp-content\\\/uploads\\\/2024\\\/01\\\/Natalia-logo.jpg\",\"width\":1312,\"height\":216,\"caption\":\"Natalia Buffa\"},\"image\":{\"@id\":\"https:\\\/\\\/nataliabuffa.se\\\/es\\\/#\\\/schema\\\/logo\\\/image\\\/\"}}]}<\/script>\n<!-- \/ Yoast SEO plugin. -->","yoast_head_json":{"title":"Consulta psicol\u00f3gica - Natalia Buffa","robots":{"index":"index","follow":"follow","max-snippet":"max-snippet:-1","max-image-preview":"max-image-preview:large","max-video-preview":"max-video-preview:-1"},"canonical":"https:\/\/nataliabuffa.se\/es\/consulta-psicologica\/","og_locale":"es_ES","og_type":"article","og_title":"Consulta psicol\u00f3gica - Natalia Buffa","og_description":"Consulta psicol\u00f3gica Reunirse una o varias veces para abordar un problema espec\u00edfico se denomina consulta. A trav\u00e9s de una consulta psicol\u00f3gica, puedo ayudarte a reflexionar y encontrar un camino para enfrentar lo que te preocupa. Puede tratarse de un problema relacionado con la familia, una relaci\u00f3n de pareja, una situaci\u00f3n laboral, decisiones de vida o [&hellip;]","og_url":"https:\/\/nataliabuffa.se\/es\/consulta-psicologica\/","og_site_name":"Natalia Buffa","article_modified_time":"2024-09-30T10:00:59+00:00","twitter_card":"summary_large_image","schema":{"@context":"https:\/\/schema.org","@graph":[{"@type":"WebPage","@id":"https:\/\/nataliabuffa.se\/es\/consulta-psicologica\/","url":"https:\/\/nataliabuffa.se\/es\/consulta-psicologica\/","name":"Consulta psicol\u00f3gica - Natalia Buffa","isPartOf":{"@id":"https:\/\/nataliabuffa.se\/es\/#website"},"datePublished":"2024-09-15T22:24:36+00:00","dateModified":"2024-09-30T10:00:59+00:00","breadcrumb":{"@id":"https:\/\/nataliabuffa.se\/es\/consulta-psicologica\/#breadcrumb"},"inLanguage":"es","potentialAction":[{"@type":"ReadAction","target":["https:\/\/nataliabuffa.se\/es\/consulta-psicologica\/"]}]},{"@type":"BreadcrumbList","@id":"https:\/\/nataliabuffa.se\/es\/consulta-psicologica\/#breadcrumb","itemListElement":[{"@type":"ListItem","position":1,"name":"Home","item":"https:\/\/nataliabuffa.se\/es\/"},{"@type":"ListItem","position":2,"name":"Consulta psicol\u00f3gica"}]},{"@type":"WebSite","@id":"https:\/\/nataliabuffa.se\/es\/#website","url":"https:\/\/nataliabuffa.se\/es\/","name":"Natalia Buffa","description":"Natalia Buffa","publisher":{"@id":"https:\/\/nataliabuffa.se\/es\/#organization"},"potentialAction":[{"@type":"SearchAction","target":{"@type":"EntryPoint","urlTemplate":"https:\/\/nataliabuffa.se\/es\/?s={search_term_string}"},"query-input":{"@type":"PropertyValueSpecification","valueRequired":true,"valueName":"search_term_string"}}],"inLanguage":"es"},{"@type":"Organization","@id":"https:\/\/nataliabuffa.se\/es\/#organization","name":"Natalia Buffa","url":"https:\/\/nataliabuffa.se\/es\/","logo":{"@type":"ImageObject","inLanguage":"es","@id":"https:\/\/nataliabuffa.se\/es\/#\/schema\/logo\/image\/","url":"https:\/\/nataliabuffa.se\/wp-content\/uploads\/2024\/01\/Natalia-logo.jpg","contentUrl":"https:\/\/nataliabuffa.se\/wp-content\/uploads\/2024\/01\/Natalia-logo.jpg","width":1312,"height":216,"caption":"Natalia Buffa"},"image":{"@id":"https:\/\/nataliabuffa.se\/es\/#\/schema\/logo\/image\/"}}]}},"_links":{"self":[{"href":"https:\/\/nataliabuffa.se\/es\/wp-json\/wp\/v2\/pages\/896","targetHints":{"allow":["GET"]}}],"collection":[{"href":"https:\/\/nataliabuffa.se\/es\/wp-json\/wp\/v2\/pages"}],"about":[{"href":"https:\/\/nataliabuffa.se\/es\/wp-json\/wp\/v2\/types\/page"}],"author":[{"embeddable":true,"href":"https:\/\/nataliabuffa.se\/es\/wp-json\/wp\/v2\/users\/1"}],"replies":[{"embeddable":true,"href":"https:\/\/nataliabuffa.se\/es\/wp-json\/wp\/v2\/comments?post=896"}],"version-history":[{"count":2,"href":"https:\/\/nataliabuffa.se\/es\/wp-json\/wp\/v2\/pages\/896\/revisions"}],"predecessor-version":[{"id":961,"href":"https:\/\/nataliabuffa.se\/es\/wp-json\/wp\/v2\/pages\/896\/revisions\/961"}],"wp:attachment":[{"href":"https:\/\/nataliabuffa.se\/es\/wp-json\/wp\/v2\/media?parent=896"}],"curies":[{"name":"wp","href":"https:\/\/api.w.org\/{rel}","templated":true}]}}